{"id":4973,"date":"2022-09-16T12:26:41","date_gmt":"2022-09-16T12:26:41","guid":{"rendered":"https:\/\/bblogistics.fi\/arbeta-med-oss\/"},"modified":"2022-09-16T12:26:41","modified_gmt":"2022-09-16T12:26:41","slug":"arbeta-med-oss","status":"publish","type":"page","link":"https:\/\/bblogistics.fi\/sv\/arbeta-med-oss\/","title":{"rendered":"Arbeta hos oss"},"content":{"rendered":"\t\t<div data-elementor-type=\"wp-page\" data-elementor-id=\"4973\" class=\"elementor elementor-4973 elementor-412\" data-elementor-post-type=\"page\">\n\t\t\t\t\t\t<section class=\"elementor-section elementor-top-section elementor-element elementor-element-5df5ed77 elementor-section-full_width elementor-section-content-top elementor-reverse-tablet elementor-reverse-mobile elementor-section-height-default elementor-section-height-default\" data-id=\"5df5ed77\" data-element_type=\"section\">\n\t\t\t\t\t\t<div class=\"elementor-container elementor-column-gap-extended\">\n\t\t\t\t\t<div class=\"elementor-column elementor-col-25 elementor-top-column elementor-element elementor-element-4f9773c0\" data-id=\"4f9773c0\" data-element_type=\"column\">\n\t\t\t<div class=\"elementor-widget-wrap elementor-element-populated\">\n\t\t\t\t\t\t<div class=\"elementor-element elementor-element-741d68f2 elementor-widget elementor-widget-image\" data-id=\"741d68f2\" data-element_type=\"widget\" data-widget_type=\"image.default\">\n\t\t\t\t<div class=\"elementor-widget-container\">\n\t\t\t\t\t\t\t\t\t\t\t\t\t\t\t<img fetchpriority=\"high\" decoding=\"async\" width=\"800\" height=\"533\" src=\"https:\/\/bblogistics.fi\/wp-content\/uploads\/2022\/11\/IMG_5011-1024x682.jpg\" class=\"attachment-large size-large wp-image-1646\" alt=\"\" srcset=\"https:\/\/bblogistics.fi\/wp-content\/uploads\/2022\/11\/IMG_5011-1024x682.jpg 1024w, https:\/\/bblogistics.fi\/wp-content\/uploads\/2022\/11\/IMG_5011-300x200.jpg 300w, https:\/\/bblogistics.fi\/wp-content\/uploads\/2022\/11\/IMG_5011-768x512.jpg 768w, https:\/\/bblogistics.fi\/wp-content\/uploads\/2022\/11\/IMG_5011-1536x1024.jpg 1536w, https:\/\/bblogistics.fi\/wp-content\/uploads\/2022\/11\/IMG_5011.jpg 2000w\" sizes=\"(max-width: 800px) 100vw, 800px\" \/>\t\t\t\t\t\t\t\t\t\t\t\t\t\t\t<\/div>\n\t\t\t\t<\/div>\n\t\t\t\t<div class=\"elementor-element elementor-element-63a36c9e elementor-widget elementor-widget-image\" data-id=\"63a36c9e\" data-element_type=\"widget\" data-widget_type=\"image.default\">\n\t\t\t\t<div class=\"elementor-widget-container\">\n\t\t\t\t\t\t\t\t\t\t\t\t\t\t\t<img decoding=\"async\" width=\"800\" height=\"667\" src=\"https:\/\/bblogistics.fi\/wp-content\/uploads\/2022\/09\/DJI_0060.jpg\" class=\"attachment-large size-large wp-image-784\" alt=\"\" srcset=\"https:\/\/bblogistics.fi\/wp-content\/uploads\/2022\/09\/DJI_0060.jpg 900w, https:\/\/bblogistics.fi\/wp-content\/uploads\/2022\/09\/DJI_0060-300x250.jpg 300w, https:\/\/bblogistics.fi\/wp-content\/uploads\/2022\/09\/DJI_0060-768x640.jpg 768w\" sizes=\"(max-width: 800px) 100vw, 800px\" \/>\t\t\t\t\t\t\t\t\t\t\t\t\t\t\t<\/div>\n\t\t\t\t<\/div>\n\t\t\t\t<div class=\"elementor-element elementor-element-e57c87c elementor-widget elementor-widget-image\" data-id=\"e57c87c\" data-element_type=\"widget\" data-widget_type=\"image.default\">\n\t\t\t\t<div class=\"elementor-widget-container\">\n\t\t\t\t\t\t\t\t\t\t\t\t\t\t\t<img decoding=\"async\" width=\"683\" height=\"1024\" src=\"https:\/\/bblogistics.fi\/wp-content\/uploads\/2022\/11\/IMG_5130-rotated-1-683x1024.jpg\" class=\"attachment-large size-large wp-image-1575\" alt=\"\" srcset=\"https:\/\/bblogistics.fi\/wp-content\/uploads\/2022\/11\/IMG_5130-rotated-1-683x1024.jpg 683w, https:\/\/bblogistics.fi\/wp-content\/uploads\/2022\/11\/IMG_5130-rotated-1-200x300.jpg 200w, https:\/\/bblogistics.fi\/wp-content\/uploads\/2022\/11\/IMG_5130-rotated-1-768x1152.jpg 768w, https:\/\/bblogistics.fi\/wp-content\/uploads\/2022\/11\/IMG_5130-rotated-1-1024x1536.jpg 1024w, https:\/\/bblogistics.fi\/wp-content\/uploads\/2022\/11\/IMG_5130-rotated-1-1365x2048.jpg 1365w, https:\/\/bblogistics.fi\/wp-content\/uploads\/2022\/11\/IMG_5130-rotated-1.jpg 1504w\" sizes=\"(max-width: 683px) 100vw, 683px\" \/>\t\t\t\t\t\t\t\t\t\t\t\t\t\t\t<\/div>\n\t\t\t\t<\/div>\n\t\t\t\t\t<\/div>\n\t\t<\/div>\n\t\t\t\t<div class=\"elementor-column elementor-col-25 elementor-top-column elementor-element elementor-element-6d0d22a3\" data-id=\"6d0d22a3\" data-element_type=\"column\">\n\t\t\t<div class=\"elementor-widget-wrap elementor-element-populated\">\n\t\t\t\t\t\t<div class=\"elementor-element elementor-element-310e1513 elementor-widget elementor-widget-image\" data-id=\"310e1513\" data-element_type=\"widget\" data-widget_type=\"image.default\">\n\t\t\t\t<div class=\"elementor-widget-container\">\n\t\t\t\t\t\t\t\t\t\t\t\t\t\t\t<img loading=\"lazy\" decoding=\"async\" width=\"800\" height=\"533\" src=\"https:\/\/bblogistics.fi\/wp-content\/uploads\/2022\/11\/IMG_5125-1024x682.jpg\" class=\"attachment-large size-large wp-image-1675\" alt=\"\" srcset=\"https:\/\/bblogistics.fi\/wp-content\/uploads\/2022\/11\/IMG_5125-1024x682.jpg 1024w, https:\/\/bblogistics.fi\/wp-content\/uploads\/2022\/11\/IMG_5125-300x200.jpg 300w, https:\/\/bblogistics.fi\/wp-content\/uploads\/2022\/11\/IMG_5125-768x512.jpg 768w, https:\/\/bblogistics.fi\/wp-content\/uploads\/2022\/11\/IMG_5125-1536x1024.jpg 1536w, https:\/\/bblogistics.fi\/wp-content\/uploads\/2022\/11\/IMG_5125.jpg 2000w\" sizes=\"(max-width: 800px) 100vw, 800px\" \/>\t\t\t\t\t\t\t\t\t\t\t\t\t\t\t<\/div>\n\t\t\t\t<\/div>\n\t\t\t\t<div class=\"elementor-element elementor-element-14f65205 elementor-widget elementor-widget-image\" data-id=\"14f65205\" data-element_type=\"widget\" data-widget_type=\"image.default\">\n\t\t\t\t<div class=\"elementor-widget-container\">\n\t\t\t\t\t\t\t\t\t\t\t\t\t\t\t<img decoding=\"async\" src=\"http:\/\/bblogistics.fi\/files\/2022\/10\/Turpeen-matka-IMG_9038-scaled.jpg\" title=\"\" alt=\"\" loading=\"lazy\" \/>\t\t\t\t\t\t\t\t\t\t\t\t\t\t\t<\/div>\n\t\t\t\t<\/div>\n\t\t\t\t<div class=\"elementor-element elementor-element-e9e036e elementor-widget elementor-widget-image\" data-id=\"e9e036e\" data-element_type=\"widget\" data-widget_type=\"image.default\">\n\t\t\t\t<div class=\"elementor-widget-container\">\n\t\t\t\t\t\t\t\t\t\t\t\t\t\t\t<img loading=\"lazy\" decoding=\"async\" width=\"524\" height=\"488\" src=\"https:\/\/bblogistics.fi\/wp-content\/uploads\/2022\/11\/logo.jpg\" class=\"attachment-large size-large wp-image-1677\" alt=\"\" srcset=\"https:\/\/bblogistics.fi\/wp-content\/uploads\/2022\/11\/logo.jpg 524w, https:\/\/bblogistics.fi\/wp-content\/uploads\/2022\/11\/logo-300x279.jpg 300w\" sizes=\"(max-width: 524px) 100vw, 524px\" \/>\t\t\t\t\t\t\t\t\t\t\t\t\t\t\t<\/div>\n\t\t\t\t<\/div>\n\t\t\t\t\t<\/div>\n\t\t<\/div>\n\t\t\t\t<div class=\"elementor-column elementor-col-50 elementor-top-column elementor-element elementor-element-37bc57af\" data-id=\"37bc57af\" data-element_type=\"column\">\n\t\t\t<div class=\"elementor-widget-wrap elementor-element-populated\">\n\t\t\t\t\t\t<div class=\"elementor-element elementor-element-7d3dc5ec elementor-widget elementor-widget-text-editor\" data-id=\"7d3dc5ec\" data-element_type=\"widget\" data-widget_type=\"text-editor.default\">\n\t\t\t\t<div class=\"elementor-widget-container\">\n\t\t\t\t\t\t\t\t\t<p><b>Personalen \u00e4r ett f\u00f6retags viktigaste tillg\u00e5ng. Vi vill se till s\u00e5 att v\u00e5ra medarbetare har det bra p\u00e5 jobbet och har alla f\u00f6ruts\u00e4ttningar f\u00f6r att abeta varje dag p\u00e5 b\u00e4sta s\u00e4tt. Dessutom \u00e4r kontinuerlig utbildning f\u00f6r v\u00e5ra anst\u00e4llda ett grundl\u00e4ggande krav f\u00f6r v\u00e5r verksamhet.<\/b><\/p>\n<p><b>Kompetens och kunnande s\u00e4kerst\u00e4lls genom t\u00e4ckande utbildning. Hela v\u00e5r personal har \u00e5tagit sig att f\u00f6lja v\u00e5r kvalitetspolicy och v\u00e5ra v\u00e4rderingar, som \u00e4r s\u00e4kerhet, servicekvalitet och effektivitet. Dessutom vill vi h\u00e5lla kommunikationen inom organisationen enkel.<\/b><\/p>\n\t\t\t\t\t\t\t\t<\/div>\n\t\t\t\t<\/div>\n\t\t\t\t\t<\/div>\n\t\t<\/div>\n\t\t\t\t\t<\/div>\n\t\t<\/section>\n\t\t\t\t<section class=\"elementor-section elementor-top-section elementor-element elementor-element-63362ee0 elementor-section-boxed elementor-section-height-default elementor-section-height-default\" data-id=\"63362ee0\" data-element_type=\"section\">\n\t\t\t\t\t\t<div class=\"elementor-container elementor-column-gap-no\">\n\t\t\t\t\t<div class=\"elementor-column elementor-col-100 elementor-top-column elementor-element elementor-element-3eb6bd41\" data-id=\"3eb6bd41\" data-element_type=\"column\">\n\t\t\t<div class=\"elementor-widget-wrap elementor-element-populated\">\n\t\t\t\t\t\t<div class=\"elementor-element elementor-element-eb0edff elementor-widget elementor-widget-heading\" data-id=\"eb0edff\" data-element_type=\"widget\" data-widget_type=\"heading.default\">\n\t\t\t\t<div class=\"elementor-widget-container\">\n\t\t\t\t\t<h2 class=\"elementor-heading-title elementor-size-default\">Jobba hos oss?<\/h2>\t\t\t\t<\/div>\n\t\t\t\t<\/div>\n\t\t\t\t<div class=\"elementor-element elementor-element-407b20e8 elementor-widget elementor-widget-text-editor\" data-id=\"407b20e8\" data-element_type=\"widget\" data-widget_type=\"text-editor.default\">\n\t\t\t\t<div class=\"elementor-widget-container\">\n\t\t\t\t\t\t\t\t\t<h5><strong>BB Logistics har verksamhet \u00f6ver hela Finland. Vi erbjuder v\u00e5ra medarbetare m\u00f6jlighet att trivas och m\u00e5 bra i en st\u00f6djande och intressant arbetsmilj\u00f6. Vi erbjuder v\u00e5ra anst\u00e4llda en omfattande orientering f\u00f6r att st\u00f6dja deras arbete.<\/strong><\/h5>\n<h5><strong>Vi s\u00f6ker entusiastiska, serviceinriktade och utvecklingsinrktade medarbetare till v\u00e5rt team.<\/strong><\/h5>\n<h5><strong>F\u00f6r tillf\u00e4llet har vi inga lediga tj\u00e4nster men om vi v\u00e4ckte ditt intresse, v\u00e4nligen kontakta oss.<\/strong><\/h5>\n\t\t\t\t\t\t\t\t<\/div>\n\t\t\t\t<\/div>\n\t\t\t\t<div class=\"elementor-element elementor-element-64b167e0 elementor-button-align-center elementor-widget elementor-widget-form\" data-id=\"64b167e0\" data-element_type=\"widget\" data-settings=\"{&quot;step_next_label&quot;:&quot;Next&quot;,&quot;step_previous_label&quot;:&quot;Previous&quot;,&quot;button_width_tablet&quot;:&quot;100&quot;,&quot;button_width&quot;:&quot;100&quot;,&quot;step_type&quot;:&quot;number_text&quot;,&quot;step_icon_shape&quot;:&quot;circle&quot;}\" data-widget_type=\"form.default\">\n\t\t\t\t<div class=\"elementor-widget-container\">\n\t\t\t\t\t\t\t<form class=\"elementor-form\" method=\"post\" name=\"Contact Form\">\n\t\t\t<input type=\"hidden\" name=\"post_id\" value=\"4973\"\/>\n\t\t\t<input type=\"hidden\" name=\"form_id\" value=\"64b167e0\"\/>\n\t\t\t<input type=\"hidden\" name=\"referer_title\" value=\"\" \/>\n\n\t\t\t\n\t\t\t<div class=\"elementor-form-fields-wrapper elementor-labels-\">\n\t\t\t\t\t\t\t\t<div class=\"elementor-field-type-text elementor-field-group elementor-column elementor-field-group-name elementor-col-50 elementor-field-required\">\n\t\t\t\t\t\t\t\t\t\t\t\t<label for=\"form-field-name\" class=\"elementor-field-label elementor-screen-only\">\n\t\t\t\t\t\t\t\tDitt namn\t\t\t\t\t\t\t<\/label>\n\t\t\t\t\t\t\t\t\t\t\t\t\t\t<input size=\"1\" type=\"text\" name=\"form_fields[name]\" id=\"form-field-name\" class=\"elementor-field elementor-size-md  elementor-field-textual\" placeholder=\"Ditt namn\" required=\"required\">\n\t\t\t\t\t\t\t\t\t\t\t<\/div>\n\t\t\t\t\t\t\t\t<div class=\"elementor-field-type-email elementor-field-group elementor-column elementor-field-group-email elementor-col-50 elementor-md-50 elementor-field-required\">\n\t\t\t\t\t\t\t\t\t\t\t\t<label for=\"form-field-email\" class=\"elementor-field-label elementor-screen-only\">\n\t\t\t\t\t\t\t\tDin e-postadress\t\t\t\t\t\t\t<\/label>\n\t\t\t\t\t\t\t\t\t\t\t\t\t\t<input size=\"1\" type=\"email\" name=\"form_fields[email]\" id=\"form-field-email\" class=\"elementor-field elementor-size-md  elementor-field-textual\" placeholder=\"e-postadress\" required=\"required\">\n\t\t\t\t\t\t\t\t\t\t\t<\/div>\n\t\t\t\t\t\t\t\t<div class=\"elementor-field-type-tel elementor-field-group elementor-column elementor-field-group-field_5057311 elementor-col-50 elementor-md-50 elementor-field-required\">\n\t\t\t\t\t\t\t\t\t\t\t\t<label for=\"form-field-field_5057311\" class=\"elementor-field-label elementor-screen-only\">\n\t\t\t\t\t\t\t\tTelefonnummer\t\t\t\t\t\t\t<\/label>\n\t\t\t\t\t\t\t\t<input size=\"1\" type=\"tel\" name=\"form_fields[field_5057311]\" id=\"form-field-field_5057311\" class=\"elementor-field elementor-size-md  elementor-field-textual\" placeholder=\"Telefonnummer\" required=\"required\" pattern=\"[0-9()#&amp;+*-=.]+\" title=\"Only numbers and phone characters (#, -, *, etc) are accepted.\">\n\n\t\t\t\t\t\t<\/div>\n\t\t\t\t\t\t\t\t<div class=\"elementor-field-type-select elementor-field-group elementor-column elementor-field-group-field_d6c1e2e elementor-col-50 elementor-md-50 elementor-field-required\">\n\t\t\t\t\t\t\t\t\t\t\t\t<label for=\"form-field-field_d6c1e2e\" class=\"elementor-field-label elementor-screen-only\">\n\t\t\t\t\t\t\t\tTerminalen du s\u00f6ker till\t\t\t\t\t\t\t<\/label>\n\t\t\t\t\t\t\t\t<div class=\"elementor-field elementor-select-wrapper remove-before \">\n\t\t\t<div class=\"select-caret-down-wrapper\">\n\t\t\t\t<svg aria-hidden=\"true\" class=\"e-font-icon-svg e-eicon-caret-down\" viewBox=\"0 0 571.4 571.4\" xmlns=\"http:\/\/www.w3.org\/2000\/svg\"><path d=\"M571 393Q571 407 561 418L311 668Q300 679 286 679T261 668L11 418Q0 407 0 393T11 368 36 357H536Q550 357 561 368T571 393Z\"><\/path><\/svg>\t\t\t<\/div>\n\t\t\t<select name=\"form_fields[field_d6c1e2e]\" id=\"form-field-field_d6c1e2e\" class=\"elementor-field-textual elementor-size-md\" required=\"required\">\n\t\t\t\t\t\t\t\t\t<option value=\"Kemi\">Kemi<\/option>\n\t\t\t\t\t\t\t\t\t<option value=\"Ule\u00e5borg\">Ule\u00e5borg<\/option>\n\t\t\t\t\t\t\t\t\t<option value=\"Kask\u00f6\">Kask\u00f6<\/option>\n\t\t\t\t\t\t\t\t\t<option value=\"Kristinestad\">Kristinestad<\/option>\n\t\t\t\t\t\t\t\t\t<option value=\"Fredrikshamn\">Fredrikshamn<\/option>\n\t\t\t\t\t\t\t<\/select>\n\t\t<\/div>\n\t\t\t\t\t\t<\/div>\n\t\t\t\t\t\t\t\t<div class=\"elementor-field-type-textarea elementor-field-group elementor-column elementor-field-group-field_71766c7 elementor-col-100\">\n\t\t\t\t\t\t\t\t\t\t\t\t<label for=\"form-field-field_71766c7\" class=\"elementor-field-label elementor-screen-only\">\n\t\t\t\t\t\t\t\tMessage\t\t\t\t\t\t\t<\/label>\n\t\t\t\t\t\t<textarea class=\"elementor-field-textual elementor-field  elementor-size-md\" name=\"form_fields[field_71766c7]\" id=\"form-field-field_71766c7\" rows=\"4\" placeholder=\"Ber\u00e4tta kort om dig sj\u00e4lv eller intresset f\u00f6r att arbeta med oss.\"><\/textarea>\t\t\t\t<\/div>\n\t\t\t\t\t\t\t\t<div class=\"elementor-field-group elementor-column elementor-field-type-submit elementor-col-100 e-form__buttons elementor-md-100\">\n\t\t\t\t\t<button class=\"elementor-button elementor-size-md\" type=\"submit\">\n\t\t\t\t\t\t<span class=\"elementor-button-content-wrapper\">\n\t\t\t\t\t\t\t\t\t\t\t\t\t\t\t\t\t\t\t\t\t\t<span class=\"elementor-button-text\">Skicka<\/span>\n\t\t\t\t\t\t\t\t\t\t\t\t\t<\/span>\n\t\t\t\t\t<\/button>\n\t\t\t\t<\/div>\n\t\t\t<\/div>\n\t\t<\/form>\n\t\t\t\t\t\t<\/div>\n\t\t\t\t<\/div>\n\t\t\t\t\t<\/div>\n\t\t<\/div>\n\t\t\t\t\t<\/div>\n\t\t<\/section>\n\t\t\t\t<\/div>\n\t\t","protected":false},"excerpt":{"rendered":"<p>Personalen \u00e4r ett f\u00f6retags viktigaste tillg\u00e5ng. Vi vill se till s\u00e5 att v\u00e5ra medarbetare har det bra p\u00e5 jobbet och har alla f\u00f6ruts\u00e4ttningar f\u00f6r att abeta varje dag p\u00e5 b\u00e4sta s\u00e4tt. Dessutom \u00e4r kontinuerlig utbildning f\u00f6r v\u00e5ra anst\u00e4llda ett grundl\u00e4ggande krav f\u00f6r v\u00e5r verksamhet. Kompetens och kunnande s\u00e4kerst\u00e4lls genom t\u00e4ckande utbildning. Hela v\u00e5r personal har [&hellip;]<\/p>\n","protected":false},"author":4,"featured_media":0,"parent":0,"menu_order":0,"comment_status":"closed","ping_status":"closed","template":"","meta":{"footnotes":""},"class_list":["post-4973","page","type-page","status-publish","hentry"],"_links":{"self":[{"href":"https:\/\/bblogistics.fi\/sv\/wp-json\/wp\/v2\/pages\/4973","targetHints":{"allow":["GET"]}}],"collection":[{"href":"https:\/\/bblogistics.fi\/sv\/wp-json\/wp\/v2\/pages"}],"about":[{"href":"https:\/\/bblogistics.fi\/sv\/wp-json\/wp\/v2\/types\/page"}],"author":[{"embeddable":true,"href":"https:\/\/bblogistics.fi\/sv\/wp-json\/wp\/v2\/users\/4"}],"replies":[{"embeddable":true,"href":"https:\/\/bblogistics.fi\/sv\/wp-json\/wp\/v2\/comments?post=4973"}],"version-history":[{"count":0,"href":"https:\/\/bblogistics.fi\/sv\/wp-json\/wp\/v2\/pages\/4973\/revisions"}],"wp:attachment":[{"href":"https:\/\/bblogistics.fi\/sv\/wp-json\/wp\/v2\/media?parent=4973"}],"curies":[{"name":"wp","href":"https:\/\/api.w.org\/{rel}","templated":true}]}}