{"id":4974,"date":"2022-09-22T08:21:12","date_gmt":"2022-09-22T06:21:12","guid":{"rendered":"https:\/\/bblogistics.fi\/var-organisation\/"},"modified":"2022-09-22T08:21:12","modified_gmt":"2022-09-22T08:21:12","slug":"var-organisation","status":"publish","type":"page","link":"https:\/\/bblogistics.fi\/sv\/var-organisation\/","title":{"rendered":"V\u00e5r organisation"},"content":{"rendered":"\t\t<div data-elementor-type=\"wp-page\" data-elementor-id=\"4974\" class=\"elementor elementor-4974 elementor-438\" data-elementor-post-type=\"page\">\n\t\t\t\t\t\t<section class=\"elementor-section elementor-top-section elementor-element elementor-element-6ab3253c elementor-section-content-middle elementor-section-full_width elementor-section-height-default elementor-section-height-default\" data-id=\"6ab3253c\" data-element_type=\"section\">\n\t\t\t\t\t\t<div class=\"elementor-container elementor-column-gap-no\">\n\t\t\t\t\t<div class=\"elementor-column elementor-col-50 elementor-top-column elementor-element elementor-element-123c5187\" data-id=\"123c5187\" data-element_type=\"column\">\n\t\t\t<div class=\"elementor-widget-wrap elementor-element-populated\">\n\t\t\t\t\t\t<div class=\"elementor-element elementor-element-9f45b2f elementor-widget elementor-widget-spacer\" data-id=\"9f45b2f\" data-element_type=\"widget\" data-widget_type=\"spacer.default\">\n\t\t\t\t<div class=\"elementor-widget-container\">\n\t\t\t\t\t\t\t<div class=\"elementor-spacer\">\n\t\t\t<div class=\"elementor-spacer-inner\"><\/div>\n\t\t<\/div>\n\t\t\t\t\t\t<\/div>\n\t\t\t\t<\/div>\n\t\t\t\t<div class=\"elementor-element elementor-element-5c5c543e elementor-widget elementor-widget-heading\" data-id=\"5c5c543e\" data-element_type=\"widget\" data-widget_type=\"heading.default\">\n\t\t\t\t<div class=\"elementor-widget-container\">\n\t\t\t\t\t<h1 class=\"elementor-heading-title elementor-size-small\">F\u00f6r oss \u00e4r medarbetarna det viktigaste. Bakom varje framg\u00e5ng finns en professionell person.<\/h1>\t\t\t\t<\/div>\n\t\t\t\t<\/div>\n\t\t\t\t<div class=\"elementor-element elementor-element-a28073d elementor-widget elementor-widget-text-editor\" data-id=\"a28073d\" data-element_type=\"widget\" data-widget_type=\"text-editor.default\">\n\t\t\t\t<div class=\"elementor-widget-container\">\n\t\t\t\t\t\t\t\t\t<p><span style=\"font-weight: 400\">Utg\u00e5ngspunkten f\u00f6r v\u00e5r verksamhet \u00e4r att tillhandah\u00e5lla effektiva logistiktj\u00e4nster p\u00e5 ett kundorienterat s\u00e4tt. Grunden f\u00f6r v\u00e5rt servicepaket \u00e4r materialhanteringen i hamnen, s\u00e5som lossning och lastning av fartyg, t\u00e5g, bilar, lagertj\u00e4nster, transporttj\u00e4nster, och logistik l\u00f6sningar anpassade efter kundens behov. P\u00e5 v\u00e5ra anl\u00e4ggningar hanterar vi bulk-, styckegods- och projektlogistikprodukter, s\u00e5som vindkraftsdelar.<\/span><\/p>\n<p><span style=\"font-weight: 400\">Ansvarsfullhet har en central roll i v\u00e5r verksamhet, vilket utstr\u00e5las i det dagliga arbetet med tanke p\u00e5 s\u00e4kerhet, milj\u00f6 och kvalitet samt uppskattning av m\u00e4nniskor.<\/span><\/p>\n<p><span style=\"font-weight: 400\">Som f\u00f6retag vill vi kontinuerligt investera i befintliga terminaler samt personalens kompetens. Vi letar st\u00e4ndigt efter nya m\u00f6jligheter att expandera v\u00e5r verksamhet till nya platser f\u00f6r att b\u00e4ttre betj\u00e4na kunden.<\/span><\/p>\n\t\t\t\t\t\t\t\t<\/div>\n\t\t\t\t<\/div>\n\t\t\t\t\t<\/div>\n\t\t<\/div>\n\t\t\t\t<div class=\"elementor-column elementor-col-50 elementor-top-column elementor-element elementor-element-19bc0b9b\" data-id=\"19bc0b9b\" data-element_type=\"column\">\n\t\t\t<div class=\"elementor-widget-wrap elementor-element-populated\">\n\t\t\t\t\t\t<div class=\"elementor-element elementor-element-5f3f88ca elementor-widget elementor-widget-image\" data-id=\"5f3f88ca\" data-element_type=\"widget\" data-widget_type=\"image.default\">\n\t\t\t\t<div class=\"elementor-widget-container\">\n\t\t\t\t\t\t\t\t\t\t\t\t\t\t\t<img fetchpriority=\"high\" decoding=\"async\" width=\"800\" height=\"446\" src=\"https:\/\/bblogistics.fi\/wp-content\/uploads\/2022\/11\/Sieppaa_-1024x571.jpg\" class=\"attachment-large size-large wp-image-1639\" alt=\"\" srcset=\"https:\/\/bblogistics.fi\/wp-content\/uploads\/2022\/11\/Sieppaa_-1024x571.jpg 1024w, https:\/\/bblogistics.fi\/wp-content\/uploads\/2022\/11\/Sieppaa_-300x167.jpg 300w, https:\/\/bblogistics.fi\/wp-content\/uploads\/2022\/11\/Sieppaa_-768x428.jpg 768w, https:\/\/bblogistics.fi\/wp-content\/uploads\/2022\/11\/Sieppaa_.jpg 1351w\" sizes=\"(max-width: 800px) 100vw, 800px\" \/>\t\t\t\t\t\t\t\t\t\t\t\t\t\t\t<\/div>\n\t\t\t\t<\/div>\n\t\t\t\t<div class=\"elementor-element elementor-element-ceff7c5 elementor-widget elementor-widget-image\" data-id=\"ceff7c5\" data-element_type=\"widget\" data-widget_type=\"image.default\">\n\t\t\t\t<div class=\"elementor-widget-container\">\n\t\t\t\t\t\t\t\t\t\t\t\t\t\t\t<img decoding=\"async\" width=\"683\" height=\"1024\" src=\"https:\/\/bblogistics.fi\/wp-content\/uploads\/2022\/10\/20220819-DSC00222-683x1024.jpg\" class=\"attachment-large size-large wp-image-1435\" alt=\"\" srcset=\"https:\/\/bblogistics.fi\/wp-content\/uploads\/2022\/10\/20220819-DSC00222-683x1024.jpg 683w, https:\/\/bblogistics.fi\/wp-content\/uploads\/2022\/10\/20220819-DSC00222-200x300.jpg 200w, https:\/\/bblogistics.fi\/wp-content\/uploads\/2022\/10\/20220819-DSC00222-768x1152.jpg 768w, https:\/\/bblogistics.fi\/wp-content\/uploads\/2022\/10\/20220819-DSC00222-1024x1536.jpg 1024w, https:\/\/bblogistics.fi\/wp-content\/uploads\/2022\/10\/20220819-DSC00222.jpg 1365w\" sizes=\"(max-width: 683px) 100vw, 683px\" \/>\t\t\t\t\t\t\t\t\t\t\t\t\t\t\t<\/div>\n\t\t\t\t<\/div>\n\t\t\t\t\t<\/div>\n\t\t<\/div>\n\t\t\t\t\t<\/div>\n\t\t<\/section>\n\t\t\t\t<section class=\"elementor-section elementor-top-section elementor-element elementor-element-5aa98213 elementor-section-content-middle elementor-section-full_width elementor-reverse-mobile elementor-section-height-default elementor-section-height-default\" data-id=\"5aa98213\" data-element_type=\"section\" data-settings=\"{&quot;background_background&quot;:&quot;classic&quot;}\">\n\t\t\t\t\t\t<div class=\"elementor-container elementor-column-gap-no\">\n\t\t\t\t\t<div class=\"elementor-column elementor-col-50 elementor-top-column elementor-element elementor-element-67b85202\" data-id=\"67b85202\" data-element_type=\"column\">\n\t\t\t<div class=\"elementor-widget-wrap elementor-element-populated\">\n\t\t\t\t\t\t<div class=\"elementor-element elementor-element-665d35ca elementor-widget elementor-widget-image\" data-id=\"665d35ca\" data-element_type=\"widget\" data-widget_type=\"image.default\">\n\t\t\t\t<div class=\"elementor-widget-container\">\n\t\t\t\t\t\t\t\t\t\t\t\t\t\t\t<img decoding=\"async\" src=\"http:\/\/bblogistics.fi\/files\/2022\/10\/IMG_5023-scaled.jpg\" title=\"\" alt=\"\" loading=\"lazy\" \/>\t\t\t\t\t\t\t\t\t\t\t\t\t\t\t<\/div>\n\t\t\t\t<\/div>\n\t\t\t\t\t<\/div>\n\t\t<\/div>\n\t\t\t\t<div class=\"elementor-column elementor-col-50 elementor-top-column elementor-element elementor-element-574513a8\" data-id=\"574513a8\" data-element_type=\"column\">\n\t\t\t<div class=\"elementor-widget-wrap elementor-element-populated\">\n\t\t\t\t\t\t<div class=\"elementor-element elementor-element-c268a0a elementor-widget elementor-widget-text-editor\" data-id=\"c268a0a\" data-element_type=\"widget\" data-widget_type=\"text-editor.default\">\n\t\t\t\t<div class=\"elementor-widget-container\">\n\t\t\t\t\t\t\t\t\t<h6 style=\"text-align: center\"><span style=\"color: #333333\">Hela v\u00e5r personal har \u00e5tagit sig att f\u00f6lja v\u00e5r kvalitetspolicy, liksom v\u00e5ra v\u00e4rderingar, som \u00e4r s\u00e4kerhet,<\/span> <span style=\"color: #333333\">sevicekvalitet och effektivitet.<\/span><br \/><span style=\"color: #333333\">Kompetens och f\u00e4rdighet s\u00e4kerst\u00e4lls genom t\u00e4ckande utbildning.<\/span><br \/><span style=\"color: #333333\">&#8220;M\u00e4nniskorna \u00e4r definitivt v\u00e5rt f\u00f6retags st\u00f6rsta tillg\u00e5ng.&#8221;<\/span><\/h6>\n\t\t\t\t\t\t\t\t<\/div>\n\t\t\t\t<\/div>\n\t\t\t\t<div class=\"elementor-element elementor-element-6bd64840 elementor-align-left elementor-icon-list--layout-traditional elementor-list-item-link-full_width elementor-widget elementor-widget-icon-list\" data-id=\"6bd64840\" data-element_type=\"widget\" data-widget_type=\"icon-list.default\">\n\t\t\t\t<div class=\"elementor-widget-container\">\n\t\t\t\t\t\t\t<ul class=\"elementor-icon-list-items\">\n\t\t\t\t\t\t\t<li class=\"elementor-icon-list-item\">\n\t\t\t\t\t\t\t\t\t\t<span class=\"elementor-icon-list-text\"><\/span>\n\t\t\t\t\t\t\t\t\t<\/li>\n\t\t\t\t\t\t<\/ul>\n\t\t\t\t\t\t<\/div>\n\t\t\t\t<\/div>\n\t\t\t\t\t<\/div>\n\t\t<\/div>\n\t\t\t\t\t<\/div>\n\t\t<\/section>\n\t\t\t\t<\/div>\n\t\t","protected":false},"excerpt":{"rendered":"<p>F\u00f6r oss \u00e4r medarbetarna det viktigaste. Bakom varje framg\u00e5ng finns en professionell person. Utg\u00e5ngspunkten f\u00f6r v\u00e5r verksamhet \u00e4r att tillhandah\u00e5lla effektiva logistiktj\u00e4nster p\u00e5 ett kundorienterat s\u00e4tt. Grunden f\u00f6r v\u00e5rt servicepaket \u00e4r materialhanteringen i hamnen, s\u00e5som lossning och lastning av fartyg, t\u00e5g, bilar, lagertj\u00e4nster, transporttj\u00e4nster, och logistik l\u00f6sningar anpassade efter kundens behov. P\u00e5 v\u00e5ra anl\u00e4ggningar hanterar [&hellip;]<\/p>\n","protected":false},"author":4,"featured_media":0,"parent":0,"menu_order":0,"comment_status":"closed","ping_status":"closed","template":"","meta":{"footnotes":""},"class_list":["post-4974","page","type-page","status-publish","hentry"],"_links":{"self":[{"href":"https:\/\/bblogistics.fi\/sv\/wp-json\/wp\/v2\/pages\/4974","targetHints":{"allow":["GET"]}}],"collection":[{"href":"https:\/\/bblogistics.fi\/sv\/wp-json\/wp\/v2\/pages"}],"about":[{"href":"https:\/\/bblogistics.fi\/sv\/wp-json\/wp\/v2\/types\/page"}],"author":[{"embeddable":true,"href":"https:\/\/bblogistics.fi\/sv\/wp-json\/wp\/v2\/users\/4"}],"replies":[{"embeddable":true,"href":"https:\/\/bblogistics.fi\/sv\/wp-json\/wp\/v2\/comments?post=4974"}],"version-history":[{"count":0,"href":"https:\/\/bblogistics.fi\/sv\/wp-json\/wp\/v2\/pages\/4974\/revisions"}],"wp:attachment":[{"href":"https:\/\/bblogistics.fi\/sv\/wp-json\/wp\/v2\/media?parent=4974"}],"curies":[{"name":"wp","href":"https:\/\/api.w.org\/{rel}","templated":true}]}}