{"id":5077,"date":"2022-09-16T12:09:03","date_gmt":"2022-09-16T10:09:03","guid":{"rendered":"https:\/\/bblogistics.nyholmsolutions.fi\/kasko\/"},"modified":"2024-12-20T15:37:53","modified_gmt":"2024-12-20T13:37:53","slug":"kasko","status":"publish","type":"page","link":"https:\/\/bblogistics.fi\/sv\/kasko\/","title":{"rendered":"Kask\u00f6"},"content":{"rendered":"\t\t<div data-elementor-type=\"wp-page\" data-elementor-id=\"5077\" class=\"elementor elementor-5077 elementor-311\" data-elementor-post-type=\"page\">\n\t\t\t\t\t\t<section class=\"elementor-section elementor-top-section elementor-element elementor-element-7c682c3 elementor-section-boxed elementor-section-height-default elementor-section-height-default\" data-id=\"7c682c3\" data-element_type=\"section\">\n\t\t\t\t\t\t<div class=\"elementor-container elementor-column-gap-default\">\n\t\t\t\t\t<div class=\"elementor-column elementor-col-50 elementor-top-column elementor-element elementor-element-21c7ed2\" data-id=\"21c7ed2\" data-element_type=\"column\">\n\t\t\t<div class=\"elementor-widget-wrap elementor-element-populated\">\n\t\t\t\t\t\t<div class=\"elementor-element elementor-element-c465678 elementor-widget elementor-widget-image\" data-id=\"c465678\" data-element_type=\"widget\" data-widget_type=\"image.default\">\n\t\t\t\t<div class=\"elementor-widget-container\">\n\t\t\t\t\t\t\t\t\t\t\t\t\t\t\t<img fetchpriority=\"high\" decoding=\"async\" width=\"800\" height=\"582\" src=\"https:\/\/bblogistics.fi\/wp-content\/uploads\/2024\/12\/Untitled-7-2-1024x745.png\" class=\"attachment-large size-large wp-image-3928\" alt=\"\" srcset=\"https:\/\/bblogistics.fi\/wp-content\/uploads\/2024\/12\/Untitled-7-2-1024x745.png 1024w, https:\/\/bblogistics.fi\/wp-content\/uploads\/2024\/12\/Untitled-7-2-300x218.png 300w, https:\/\/bblogistics.fi\/wp-content\/uploads\/2024\/12\/Untitled-7-2-768x559.png 768w, https:\/\/bblogistics.fi\/wp-content\/uploads\/2024\/12\/Untitled-7-2.png 1100w\" sizes=\"(max-width: 800px) 100vw, 800px\" \/>\t\t\t\t\t\t\t\t\t\t\t\t\t\t\t<\/div>\n\t\t\t\t<\/div>\n\t\t\t\t\t<\/div>\n\t\t<\/div>\n\t\t\t\t<div class=\"elementor-column elementor-col-50 elementor-top-column elementor-element elementor-element-440d8c3\" data-id=\"440d8c3\" data-element_type=\"column\">\n\t\t\t<div class=\"elementor-widget-wrap elementor-element-populated\">\n\t\t\t\t\t\t<div class=\"elementor-element elementor-element-3044339 elementor-widget elementor-widget-image\" data-id=\"3044339\" data-element_type=\"widget\" data-widget_type=\"image.default\">\n\t\t\t\t<div class=\"elementor-widget-container\">\n\t\t\t\t\t\t\t\t\t\t\t\t\t\t\t<img decoding=\"async\" width=\"409\" height=\"581\" src=\"https:\/\/bblogistics.fi\/wp-content\/uploads\/2022\/10\/iso14000.jpg\" class=\"attachment-large size-large wp-image-3317\" alt=\"\" srcset=\"https:\/\/bblogistics.fi\/wp-content\/uploads\/2022\/10\/iso14000.jpg 409w, https:\/\/bblogistics.fi\/wp-content\/uploads\/2022\/10\/iso14000-211x300.jpg 211w\" sizes=\"(max-width: 409px) 100vw, 409px\" \/>\t\t\t\t\t\t\t\t\t\t\t\t\t\t\t<\/div>\n\t\t\t\t<\/div>\n\t\t\t\t\t<\/div>\n\t\t<\/div>\n\t\t\t\t\t<\/div>\n\t\t<\/section>\n\t\t\t\t<section class=\"elementor-section elementor-top-section elementor-element elementor-element-3d208ee elementor-section-boxed elementor-section-height-default elementor-section-height-default\" data-id=\"3d208ee\" data-element_type=\"section\">\n\t\t\t\t\t\t<div class=\"elementor-container elementor-column-gap-default\">\n\t\t\t\t\t<div class=\"elementor-column elementor-col-100 elementor-top-column elementor-element elementor-element-e9f9c9b\" data-id=\"e9f9c9b\" data-element_type=\"column\">\n\t\t\t<div class=\"elementor-widget-wrap elementor-element-populated\">\n\t\t\t\t\t\t<div class=\"elementor-element elementor-element-7cf9656 elementor-widget elementor-widget-text-editor\" data-id=\"7cf9656\" data-element_type=\"widget\" data-widget_type=\"text-editor.default\">\n\t\t\t\t<div class=\"elementor-widget-container\">\n\t\t\t\t\t\t\t\t\t<h6 style=\"text-align: center\"><strong>Terminalen i Kask\u00f6 ligger mitt i ett fungerande v\u00e4g- och j\u00e4rnv\u00e4gsn\u00e4t. <\/strong><strong>Terminalen har v\u00e5r st\u00f6rsta lagringskapacitet, med en betydande m\u00e4ngd planlager och bulklagerutrymme.<\/strong><\/h6>\n<h6 style=\"text-align: center\">Stora reformer \u00e4r p\u00e5 g\u00e5ng i Kask\u00f6 hamnomr\u00e5de. Omr\u00e5det kommer att byggas om f\u00f6r att ge betydligt mer kaj- och lagringsutrymme. Vi har ett n\u00e4ra samarbete med Kask\u00f6 hamn om ytterligare utveckling. Vi har redan gjort stora framsteg och vi g\u00f6r hela tiden mer f\u00f6r att forts\u00e4tta utveckla, f\u00f6rb\u00e4ttra och ut\u00f6ka v\u00e5r verksamhet. Import och export av odlingstorv och bioenergiprodukter har varit en l\u00e5ngvarig ambition och planerna f\u00f6r dem har kommit en bra bit p\u00e5 v\u00e4g.    <\/h6>\n<h6 style=\"text-align: center\">Kaskis har en effektiv och flexibel service. V\u00e5r professionella och engagerade personal finns h\u00e4r f\u00f6r att m\u00f6ta dina behov och \u00f6nskem\u00e5l. <\/h6>\n<h6 style=\"text-align: center\">Med direkt j\u00e4rnv\u00e4gsanslutning till flera lager, en t\u00e4ckt lossningsterminal och en stor g\u00e5rd i hamnomr\u00e5det \u00e4r det m\u00f6jligt att ta emot hela t\u00e5g med energived, tr\u00e4flis, pellets, g\u00f6dningsmedel och spannm\u00e5l.<\/h6>\n<h6 style=\"text-align: center\">V\u00e5r terminal har en v\u00e4gningstj\u00e4nst som g\u00f6r att du kan v\u00e4ga din fordonskombination under sk\u00e4rmtaket.<\/h6>\n\t\t\t\t\t\t\t\t<\/div>\n\t\t\t\t<\/div>\n\t\t\t\t\t<\/div>\n\t\t<\/div>\n\t\t\t\t\t<\/div>\n\t\t<\/section>\n\t\t\t\t<section class=\"elementor-section elementor-top-section elementor-element elementor-element-6b63797 elementor-section-boxed elementor-section-height-default elementor-section-height-default\" data-id=\"6b63797\" data-element_type=\"section\">\n\t\t\t\t\t\t<div class=\"elementor-container elementor-column-gap-default\">\n\t\t\t\t\t<div class=\"elementor-column elementor-col-50 elementor-top-column elementor-element elementor-element-09dbbe3\" data-id=\"09dbbe3\" data-element_type=\"column\">\n\t\t\t<div class=\"elementor-widget-wrap elementor-element-populated\">\n\t\t\t\t\t\t<div class=\"elementor-element elementor-element-792a46e elementor-widget elementor-widget-spacer\" data-id=\"792a46e\" data-element_type=\"widget\" data-widget_type=\"spacer.default\">\n\t\t\t\t<div class=\"elementor-widget-container\">\n\t\t\t\t\t\t\t<div class=\"elementor-spacer\">\n\t\t\t<div class=\"elementor-spacer-inner\"><\/div>\n\t\t<\/div>\n\t\t\t\t\t\t<\/div>\n\t\t\t\t<\/div>\n\t\t\t\t<div class=\"elementor-element elementor-element-c2e67be elementor-widget elementor-widget-heading\" data-id=\"c2e67be\" data-element_type=\"widget\" data-widget_type=\"heading.default\">\n\t\t\t\t<div class=\"elementor-widget-container\">\n\t\t\t\t\t<h2 class=\"elementor-heading-title elementor-size-default\">Henri Korpela<\/h2>\t\t\t\t<\/div>\n\t\t\t\t<\/div>\n\t\t\t\t<div class=\"elementor-element elementor-element-eb4bdb0 elementor-widget elementor-widget-text-editor\" data-id=\"eb4bdb0\" data-element_type=\"widget\" data-widget_type=\"text-editor.default\">\n\t\t\t\t<div class=\"elementor-widget-container\">\n\t\t\t\t\t\t\t\t\t<h5 style=\"text-align: right\">Jag arbetar som terminalchef i Kask\u00f6.<\/h5>\n<p style=\"text-align: right\">Jag har det \u00f6vergripande ansvaret f\u00f6r Kask\u00f6terminalen och dess verksamhet, s\u00e5 min arbetsbeskrivning \u00e4r ganska bred. Mitt dagliga arbete best\u00e5r av att planera och utveckla operativa aktiviteter och resurser, \u00f6vervakning och kundsamarbete. <\/p>\n\t\t\t\t\t\t\t\t<\/div>\n\t\t\t\t<\/div>\n\t\t\t\t<div class=\"elementor-element elementor-element-ccdc9e6 elementor-widget elementor-widget-spacer\" data-id=\"ccdc9e6\" data-element_type=\"widget\" data-widget_type=\"spacer.default\">\n\t\t\t\t<div class=\"elementor-widget-container\">\n\t\t\t\t\t\t\t<div class=\"elementor-spacer\">\n\t\t\t<div class=\"elementor-spacer-inner\"><\/div>\n\t\t<\/div>\n\t\t\t\t\t\t<\/div>\n\t\t\t\t<\/div>\n\t\t\t\t\t<\/div>\n\t\t<\/div>\n\t\t\t\t<div class=\"elementor-column elementor-col-50 elementor-top-column elementor-element elementor-element-f0d2212\" data-id=\"f0d2212\" data-element_type=\"column\">\n\t\t\t<div class=\"elementor-widget-wrap elementor-element-populated\">\n\t\t\t\t\t\t<div class=\"elementor-element elementor-element-85782a9 elementor-widget elementor-widget-image\" data-id=\"85782a9\" data-element_type=\"widget\" data-widget_type=\"image.default\">\n\t\t\t\t<div class=\"elementor-widget-container\">\n\t\t\t\t\t\t\t\t\t\t\t\t\t\t\t<img decoding=\"async\" width=\"800\" height=\"582\" src=\"https:\/\/bblogistics.fi\/wp-content\/uploads\/2024\/12\/Untitled-9-2-1024x745.png\" class=\"attachment-large size-large wp-image-3934\" alt=\"\" srcset=\"https:\/\/bblogistics.fi\/wp-content\/uploads\/2024\/12\/Untitled-9-2-1024x745.png 1024w, https:\/\/bblogistics.fi\/wp-content\/uploads\/2024\/12\/Untitled-9-2-300x218.png 300w, https:\/\/bblogistics.fi\/wp-content\/uploads\/2024\/12\/Untitled-9-2-768x559.png 768w, https:\/\/bblogistics.fi\/wp-content\/uploads\/2024\/12\/Untitled-9-2.png 1100w\" sizes=\"(max-width: 800px) 100vw, 800px\" \/>\t\t\t\t\t\t\t\t\t\t\t\t\t\t\t<\/div>\n\t\t\t\t<\/div>\n\t\t\t\t\t<\/div>\n\t\t<\/div>\n\t\t\t\t\t<\/div>\n\t\t<\/section>\n\t\t\t\t<section class=\"elementor-section elementor-top-section elementor-element elementor-element-491e85f4 elementor-section-full_width elementor-reverse-mobile elementor-section-content-middle elementor-section-height-default elementor-section-height-default\" data-id=\"491e85f4\" data-element_type=\"section\">\n\t\t\t\t\t\t<div class=\"elementor-container elementor-column-gap-no\">\n\t\t\t\t\t<div class=\"elementor-column elementor-col-50 elementor-top-column elementor-element elementor-element-4882fb1e\" data-id=\"4882fb1e\" data-element_type=\"column\" data-settings=\"{&quot;background_background&quot;:&quot;classic&quot;}\">\n\t\t\t<div class=\"elementor-widget-wrap elementor-element-populated\">\n\t\t\t\t\t\t<div class=\"elementor-element elementor-element-4938b78b elementor-widget elementor-widget-google_maps\" data-id=\"4938b78b\" data-element_type=\"widget\" data-widget_type=\"google_maps.default\">\n\t\t\t\t<div class=\"elementor-widget-container\">\n\t\t\t\t\t\t\t<div class=\"elementor-custom-embed\">\n\t\t\t<iframe loading=\"lazy\"\n\t\t\t\t\tsrc=\"https:\/\/maps.google.com\/maps?q=Kalasatamantie%2030%2C64260%20Kaskinen&#038;t=m&#038;z=11&#038;output=embed&#038;iwloc=near\"\n\t\t\t\t\ttitle=\"Kalasatamantie 30,64260 Kaskinen\"\n\t\t\t\t\taria-label=\"Kalasatamantie 30,64260 Kaskinen\"\n\t\t\t><\/iframe>\n\t\t<\/div>\n\t\t\t\t\t\t<\/div>\n\t\t\t\t<\/div>\n\t\t\t\t\t<\/div>\n\t\t<\/div>\n\t\t\t\t<div class=\"elementor-column elementor-col-50 elementor-top-column elementor-element elementor-element-41c5a38e\" data-id=\"41c5a38e\" data-element_type=\"column\">\n\t\t\t<div class=\"elementor-widget-wrap elementor-element-populated\">\n\t\t\t\t\t\t<div class=\"elementor-element elementor-element-c7a6789 elementor-align-left elementor-icon-list--layout-traditional elementor-list-item-link-full_width elementor-widget elementor-widget-icon-list\" data-id=\"c7a6789\" data-element_type=\"widget\" data-widget_type=\"icon-list.default\">\n\t\t\t\t<div class=\"elementor-widget-container\">\n\t\t\t\t\t\t\t<ul class=\"elementor-icon-list-items\">\n\t\t\t\t\t\t\t<li class=\"elementor-icon-list-item\">\n\t\t\t\t\t\t\t\t\t\t\t<span class=\"elementor-icon-list-icon\">\n\t\t\t\t\t\t\t<svg aria-hidden=\"true\" class=\"e-font-icon-svg e-fas-anchor\" viewBox=\"0 0 576 512\" xmlns=\"http:\/\/www.w3.org\/2000\/svg\"><path d=\"M12.971 352h32.394C67.172 454.735 181.944 512 288 512c106.229 0 220.853-57.38 242.635-160h32.394c10.691 0 16.045-12.926 8.485-20.485l-67.029-67.029c-4.686-4.686-12.284-4.686-16.971 0l-67.029 67.029c-7.56 7.56-2.206 20.485 8.485 20.485h35.146c-20.29 54.317-84.963 86.588-144.117 94.015V256h52c6.627 0 12-5.373 12-12v-40c0-6.627-5.373-12-12-12h-52v-5.47c37.281-13.178 63.995-48.725 64-90.518C384.005 43.772 341.605.738 289.37.01 235.723-.739 192 42.525 192 96c0 41.798 26.716 77.35 64 90.53V192h-52c-6.627 0-12 5.373-12 12v40c0 6.627 5.373 12 12 12h52v190.015c-58.936-7.399-123.82-39.679-144.117-94.015h35.146c10.691 0 16.045-12.926 8.485-20.485l-67.029-67.029c-4.686-4.686-12.284-4.686-16.971 0L4.485 331.515C-3.074 339.074 2.28 352 12.971 352zM288 64c17.645 0 32 14.355 32 32s-14.355 32-32 32-32-14.355-32-32 14.355-32 32-32z\"><\/path><\/svg>\t\t\t\t\t\t<\/span>\n\t\t\t\t\t\t\t\t\t\t<span class=\"elementor-icon-list-text\">Kalasatamantie 30, 64260 Kaskinen<\/span>\n\t\t\t\t\t\t\t\t\t<\/li>\n\t\t\t\t\t\t\t\t<li class=\"elementor-icon-list-item\">\n\t\t\t\t\t\t\t\t\t\t\t<span class=\"elementor-icon-list-icon\">\n\t\t\t\t\t\t\t<svg aria-hidden=\"true\" class=\"e-font-icon-svg e-fas-info\" viewBox=\"0 0 192 512\" xmlns=\"http:\/\/www.w3.org\/2000\/svg\"><path d=\"M20 424.229h20V279.771H20c-11.046 0-20-8.954-20-20V212c0-11.046 8.954-20 20-20h112c11.046 0 20 8.954 20 20v212.229h20c11.046 0 20 8.954 20 20V492c0 11.046-8.954 20-20 20H20c-11.046 0-20-8.954-20-20v-47.771c0-11.046 8.954-20 20-20zM96 0C56.235 0 24 32.235 24 72s32.235 72 72 72 72-32.235 72-72S135.764 0 96 0z\"><\/path><\/svg>\t\t\t\t\t\t<\/span>\n\t\t\t\t\t\t\t\t\t\t<span class=\"elementor-icon-list-text\">Terminalansvarig Henri Korpela<\/span>\n\t\t\t\t\t\t\t\t\t<\/li>\n\t\t\t\t\t\t\t\t<li class=\"elementor-icon-list-item\">\n\t\t\t\t\t\t\t\t\t\t\t<span class=\"elementor-icon-list-icon\">\n\t\t\t\t\t\t\t<svg aria-hidden=\"true\" class=\"e-font-icon-svg e-fas-phone-square-alt\" viewBox=\"0 0 448 512\" xmlns=\"http:\/\/www.w3.org\/2000\/svg\"><path d=\"M400 32H48A48 48 0 0 0 0 80v352a48 48 0 0 0 48 48h352a48 48 0 0 0 48-48V80a48 48 0 0 0-48-48zm-16.39 307.37l-15 65A15 15 0 0 1 354 416C194 416 64 286.29 64 126a15.7 15.7 0 0 1 11.63-14.61l65-15A18.23 18.23 0 0 1 144 96a16.27 16.27 0 0 1 13.79 9.09l30 70A17.9 17.9 0 0 1 189 181a17 17 0 0 1-5.5 11.61l-37.89 31a231.91 231.91 0 0 0 110.78 110.78l31-37.89A17 17 0 0 1 299 291a17.85 17.85 0 0 1 5.91 1.21l70 30A16.25 16.25 0 0 1 384 336a17.41 17.41 0 0 1-.39 3.37z\"><\/path><\/svg>\t\t\t\t\t\t<\/span>\n\t\t\t\t\t\t\t\t\t\t<span class=\"elementor-icon-list-text\">+358 449782507<\/span>\n\t\t\t\t\t\t\t\t\t<\/li>\n\t\t\t\t\t\t\t\t<li class=\"elementor-icon-list-item\">\n\t\t\t\t\t\t\t\t\t\t\t<span class=\"elementor-icon-list-icon\">\n\t\t\t\t\t\t\t<svg aria-hidden=\"true\" class=\"e-font-icon-svg e-fas-phone-square-alt\" viewBox=\"0 0 448 512\" xmlns=\"http:\/\/www.w3.org\/2000\/svg\"><path d=\"M400 32H48A48 48 0 0 0 0 80v352a48 48 0 0 0 48 48h352a48 48 0 0 0 48-48V80a48 48 0 0 0-48-48zm-16.39 307.37l-15 65A15 15 0 0 1 354 416C194 416 64 286.29 64 126a15.7 15.7 0 0 1 11.63-14.61l65-15A18.23 18.23 0 0 1 144 96a16.27 16.27 0 0 1 13.79 9.09l30 70A17.9 17.9 0 0 1 189 181a17 17 0 0 1-5.5 11.61l-37.89 31a231.91 231.91 0 0 0 110.78 110.78l31-37.89A17 17 0 0 1 299 291a17.85 17.85 0 0 1 5.91 1.21l70 30A16.25 16.25 0 0 1 384 336a17.41 17.41 0 0 1-.39 3.37z\"><\/path><\/svg>\t\t\t\t\t\t<\/span>\n\t\t\t\t\t\t\t\t\t\t<span class=\"elementor-icon-list-text\">Terminaldejour<\/span>\n\t\t\t\t\t\t\t\t\t<\/li>\n\t\t\t\t\t\t\t\t<li class=\"elementor-icon-list-item\">\n\t\t\t\t\t\t\t\t\t\t\t<span class=\"elementor-icon-list-icon\">\n\t\t\t\t\t\t\t<svg aria-hidden=\"true\" class=\"e-font-icon-svg e-fas-phone-square-alt\" viewBox=\"0 0 448 512\" xmlns=\"http:\/\/www.w3.org\/2000\/svg\"><path d=\"M400 32H48A48 48 0 0 0 0 80v352a48 48 0 0 0 48 48h352a48 48 0 0 0 48-48V80a48 48 0 0 0-48-48zm-16.39 307.37l-15 65A15 15 0 0 1 354 416C194 416 64 286.29 64 126a15.7 15.7 0 0 1 11.63-14.61l65-15A18.23 18.23 0 0 1 144 96a16.27 16.27 0 0 1 13.79 9.09l30 70A17.9 17.9 0 0 1 189 181a17 17 0 0 1-5.5 11.61l-37.89 31a231.91 231.91 0 0 0 110.78 110.78l31-37.89A17 17 0 0 1 299 291a17.85 17.85 0 0 1 5.91 1.21l70 30A16.25 16.25 0 0 1 384 336a17.41 17.41 0 0 1-.39 3.37z\"><\/path><\/svg>\t\t\t\t\t\t<\/span>\n\t\t\t\t\t\t\t\t\t\t<span class=\"elementor-icon-list-text\">+358 445726722<\/span>\n\t\t\t\t\t\t\t\t\t<\/li>\n\t\t\t\t\t\t\t\t<li class=\"elementor-icon-list-item\">\n\t\t\t\t\t\t\t\t\t\t\t<span class=\"elementor-icon-list-icon\">\n\t\t\t\t\t\t\t<svg aria-hidden=\"true\" class=\"e-font-icon-svg e-fas-mail-bulk\" viewBox=\"0 0 576 512\" xmlns=\"http:\/\/www.w3.org\/2000\/svg\"><path d=\"M160 448c-25.6 0-51.2-22.4-64-32-64-44.8-83.2-60.8-96-70.4V480c0 17.67 14.33 32 32 32h256c17.67 0 32-14.33 32-32V345.6c-12.8 9.6-32 25.6-96 70.4-12.8 9.6-38.4 32-64 32zm128-192H32c-17.67 0-32 14.33-32 32v16c25.6 19.2 22.4 19.2 115.2 86.4 9.6 6.4 28.8 25.6 44.8 25.6s35.2-19.2 44.8-22.4c92.8-67.2 89.6-67.2 115.2-86.4V288c0-17.67-14.33-32-32-32zm256-96H224c-17.67 0-32 14.33-32 32v32h96c33.21 0 60.59 25.42 63.71 57.82l.29-.22V416h192c17.67 0 32-14.33 32-32V192c0-17.67-14.33-32-32-32zm-32 128h-64v-64h64v64zm-352-96c0-35.29 28.71-64 64-64h224V32c0-17.67-14.33-32-32-32H96C78.33 0 64 14.33 64 32v192h96v-32z\"><\/path><\/svg>\t\t\t\t\t\t<\/span>\n\t\t\t\t\t\t\t\t\t\t<span class=\"elementor-icon-list-text\">henri.korpela@bblogistics.fi<\/span>\n\t\t\t\t\t\t\t\t\t<\/li>\n\t\t\t\t\t\t<\/ul>\n\t\t\t\t\t\t<\/div>\n\t\t\t\t<\/div>\n\t\t\t\t\t<\/div>\n\t\t<\/div>\n\t\t\t\t\t<\/div>\n\t\t<\/section>\n\t\t\t\t<section class=\"elementor-section elementor-top-section elementor-element elementor-element-4613f19 elementor-section-boxed elementor-section-height-default elementor-section-height-default\" data-id=\"4613f19\" data-element_type=\"section\">\n\t\t\t\t\t\t<div class=\"elementor-container elementor-column-gap-default\">\n\t\t\t\t\t<div class=\"elementor-column elementor-col-33 elementor-top-column elementor-element elementor-element-778ebd1\" data-id=\"778ebd1\" data-element_type=\"column\">\n\t\t\t<div class=\"elementor-widget-wrap elementor-element-populated\">\n\t\t\t\t\t\t<div class=\"elementor-element elementor-element-785a486 elementor-widget elementor-widget-image\" data-id=\"785a486\" data-element_type=\"widget\" data-widget_type=\"image.default\">\n\t\t\t\t<div class=\"elementor-widget-container\">\n\t\t\t\t\t\t\t\t\t\t\t\t\t\t\t<img loading=\"lazy\" decoding=\"async\" width=\"800\" height=\"534\" src=\"https:\/\/bblogistics.fi\/wp-content\/uploads\/2024\/12\/Turpeen-matka-IMG_9038-scaled-3-1024x683.jpg\" class=\"attachment-large size-large wp-image-3841\" alt=\"\" srcset=\"https:\/\/bblogistics.fi\/wp-content\/uploads\/2024\/12\/Turpeen-matka-IMG_9038-scaled-3-1024x683.jpg 1024w, https:\/\/bblogistics.fi\/wp-content\/uploads\/2024\/12\/Turpeen-matka-IMG_9038-scaled-3-300x200.jpg 300w, https:\/\/bblogistics.fi\/wp-content\/uploads\/2024\/12\/Turpeen-matka-IMG_9038-scaled-3-768x512.jpg 768w, https:\/\/bblogistics.fi\/wp-content\/uploads\/2024\/12\/Turpeen-matka-IMG_9038-scaled-3-1536x1024.jpg 1536w, https:\/\/bblogistics.fi\/wp-content\/uploads\/2024\/12\/Turpeen-matka-IMG_9038-scaled-3-2048x1366.jpg 2048w\" sizes=\"(max-width: 800px) 100vw, 800px\" \/>\t\t\t\t\t\t\t\t\t\t\t\t\t\t\t<\/div>\n\t\t\t\t<\/div>\n\t\t\t\t\t<\/div>\n\t\t<\/div>\n\t\t\t\t<div class=\"elementor-column elementor-col-33 elementor-top-column elementor-element elementor-element-f59f5fc\" data-id=\"f59f5fc\" data-element_type=\"column\">\n\t\t\t<div class=\"elementor-widget-wrap elementor-element-populated\">\n\t\t\t\t\t\t<div class=\"elementor-element elementor-element-49d9ef1 elementor-widget elementor-widget-image\" data-id=\"49d9ef1\" data-element_type=\"widget\" data-widget_type=\"image.default\">\n\t\t\t\t<div class=\"elementor-widget-container\">\n\t\t\t\t\t\t\t\t\t\t\t\t\t\t\t<img loading=\"lazy\" decoding=\"async\" width=\"800\" height=\"534\" src=\"https:\/\/bblogistics.fi\/wp-content\/uploads\/2022\/10\/Turpeen-matka-IMG_9347-scaled-1-1024x683.jpg\" class=\"attachment-large size-large wp-image-1294\" alt=\"\" srcset=\"https:\/\/bblogistics.fi\/wp-content\/uploads\/2022\/10\/Turpeen-matka-IMG_9347-scaled-1-1024x683.jpg 1024w, https:\/\/bblogistics.fi\/wp-content\/uploads\/2022\/10\/Turpeen-matka-IMG_9347-scaled-1-300x200.jpg 300w, https:\/\/bblogistics.fi\/wp-content\/uploads\/2022\/10\/Turpeen-matka-IMG_9347-scaled-1-768x512.jpg 768w, https:\/\/bblogistics.fi\/wp-content\/uploads\/2022\/10\/Turpeen-matka-IMG_9347-scaled-1-1536x1024.jpg 1536w, https:\/\/bblogistics.fi\/wp-content\/uploads\/2022\/10\/Turpeen-matka-IMG_9347-scaled-1-2048x1366.jpg 2048w\" sizes=\"(max-width: 800px) 100vw, 800px\" \/>\t\t\t\t\t\t\t\t\t\t\t\t\t\t\t<\/div>\n\t\t\t\t<\/div>\n\t\t\t\t\t<\/div>\n\t\t<\/div>\n\t\t\t\t<div class=\"elementor-column elementor-col-33 elementor-top-column elementor-element elementor-element-6188dab\" data-id=\"6188dab\" data-element_type=\"column\">\n\t\t\t<div class=\"elementor-widget-wrap elementor-element-populated\">\n\t\t\t\t\t\t<div class=\"elementor-element elementor-element-b899aa9 elementor-widget__width-initial elementor-widget elementor-widget-image\" data-id=\"b899aa9\" data-element_type=\"widget\" data-widget_type=\"image.default\">\n\t\t\t\t<div class=\"elementor-widget-container\">\n\t\t\t\t\t\t\t\t\t\t\t\t\t\t\t<img loading=\"lazy\" decoding=\"async\" width=\"800\" height=\"533\" src=\"https:\/\/bblogistics.fi\/wp-content\/uploads\/2022\/10\/IMG_5023-scaled-1-1024x682.jpg\" class=\"attachment-large size-large wp-image-3323\" alt=\"\" srcset=\"https:\/\/bblogistics.fi\/wp-content\/uploads\/2022\/10\/IMG_5023-scaled-1-1024x682.jpg 1024w, https:\/\/bblogistics.fi\/wp-content\/uploads\/2022\/10\/IMG_5023-scaled-1-300x200.jpg 300w, https:\/\/bblogistics.fi\/wp-content\/uploads\/2022\/10\/IMG_5023-scaled-1-768x512.jpg 768w, https:\/\/bblogistics.fi\/wp-content\/uploads\/2022\/10\/IMG_5023-scaled-1-1536x1024.jpg 1536w, https:\/\/bblogistics.fi\/wp-content\/uploads\/2022\/10\/IMG_5023-scaled-1-2048x1365.jpg 2048w\" sizes=\"(max-width: 800px) 100vw, 800px\" \/>\t\t\t\t\t\t\t\t\t\t\t\t\t\t\t<\/div>\n\t\t\t\t<\/div>\n\t\t\t\t\t<\/div>\n\t\t<\/div>\n\t\t\t\t\t<\/div>\n\t\t<\/section>\n\t\t\t\t<\/div>\n\t\t","protected":false},"excerpt":{"rendered":"<p>Terminalen i Kask\u00f6 ligger mitt i ett fungerande v\u00e4g- och j\u00e4rnv\u00e4gsn\u00e4t. Terminalen har v\u00e5r st\u00f6rsta lagringskapacitet, med en betydande m\u00e4ngd planlager och bulklagerutrymme. Stora reformer \u00e4r p\u00e5 g\u00e5ng i Kask\u00f6 hamnomr\u00e5de. Omr\u00e5det kommer att byggas om f\u00f6r att ge betydligt mer kaj- och lagringsutrymme. Vi har ett n\u00e4ra samarbete med Kask\u00f6 hamn om ytterligare utveckling. [&hellip;]<\/p>\n","protected":false},"author":4,"featured_media":0,"parent":0,"menu_order":0,"comment_status":"closed","ping_status":"closed","template":"","meta":{"footnotes":""},"class_list":["post-5077","page","type-page","status-publish","hentry"],"_links":{"self":[{"href":"https:\/\/bblogistics.fi\/sv\/wp-json\/wp\/v2\/pages\/5077","targetHints":{"allow":["GET"]}}],"collection":[{"href":"https:\/\/bblogistics.fi\/sv\/wp-json\/wp\/v2\/pages"}],"about":[{"href":"https:\/\/bblogistics.fi\/sv\/wp-json\/wp\/v2\/types\/page"}],"author":[{"embeddable":true,"href":"https:\/\/bblogistics.fi\/sv\/wp-json\/wp\/v2\/users\/4"}],"replies":[{"embeddable":true,"href":"https:\/\/bblogistics.fi\/sv\/wp-json\/wp\/v2\/comments?post=5077"}],"version-history":[{"count":3,"href":"https:\/\/bblogistics.fi\/sv\/wp-json\/wp\/v2\/pages\/5077\/revisions"}],"predecessor-version":[{"id":5205,"href":"https:\/\/bblogistics.fi\/sv\/wp-json\/wp\/v2\/pages\/5077\/revisions\/5205"}],"wp:attachment":[{"href":"https:\/\/bblogistics.fi\/sv\/wp-json\/wp\/v2\/media?parent=5077"}],"curies":[{"name":"wp","href":"https:\/\/api.w.org\/{rel}","templated":true}]}}