{"id":5081,"date":"2023-04-21T07:13:07","date_gmt":"2023-04-21T05:13:07","guid":{"rendered":"https:\/\/bblogistics.nyholmsolutions.fi\/lovisa\/"},"modified":"2024-12-20T15:44:01","modified_gmt":"2024-12-20T13:44:01","slug":"lovisa","status":"publish","type":"page","link":"https:\/\/bblogistics.fi\/sv\/lovisa\/","title":{"rendered":"Lovisa"},"content":{"rendered":"\t\t<div data-elementor-type=\"wp-page\" data-elementor-id=\"5081\" class=\"elementor elementor-5081 elementor-4980\" data-elementor-post-type=\"page\">\n\t\t\t\t\t\t<section class=\"elementor-section elementor-top-section elementor-element elementor-element-03fb300 elementor-section-boxed elementor-section-height-default elementor-section-height-default\" data-id=\"03fb300\" data-element_type=\"section\">\n\t\t\t\t\t\t<div class=\"elementor-container elementor-column-gap-default\">\n\t\t\t\t\t<div class=\"elementor-column elementor-col-100 elementor-top-column elementor-element elementor-element-2440377\" data-id=\"2440377\" data-element_type=\"column\">\n\t\t\t<div class=\"elementor-widget-wrap elementor-element-populated\">\n\t\t\t\t\t\t<div class=\"elementor-element elementor-element-46c0087 elementor-widget elementor-widget-image\" data-id=\"46c0087\" data-element_type=\"widget\" data-widget_type=\"image.default\">\n\t\t\t\t<div class=\"elementor-widget-container\">\n\t\t\t\t\t\t\t\t\t\t\t\t\t\t\t<img fetchpriority=\"high\" decoding=\"async\" width=\"1300\" height=\"700\" src=\"https:\/\/bblogistics.fi\/wp-content\/uploads\/2024\/12\/Projekti-Muuta-kuvan-kokoa-2.png\" class=\"attachment-full size-full wp-image-3691\" alt=\"\" srcset=\"https:\/\/bblogistics.fi\/wp-content\/uploads\/2024\/12\/Projekti-Muuta-kuvan-kokoa-2.png 1300w, https:\/\/bblogistics.fi\/wp-content\/uploads\/2024\/12\/Projekti-Muuta-kuvan-kokoa-2-300x162.png 300w, https:\/\/bblogistics.fi\/wp-content\/uploads\/2024\/12\/Projekti-Muuta-kuvan-kokoa-2-1024x551.png 1024w, https:\/\/bblogistics.fi\/wp-content\/uploads\/2024\/12\/Projekti-Muuta-kuvan-kokoa-2-768x414.png 768w\" sizes=\"(max-width: 1300px) 100vw, 1300px\" \/>\t\t\t\t\t\t\t\t\t\t\t\t\t\t\t<\/div>\n\t\t\t\t<\/div>\n\t\t\t\t\t<\/div>\n\t\t<\/div>\n\t\t\t\t\t<\/div>\n\t\t<\/section>\n\t\t\t\t<section class=\"elementor-section elementor-top-section elementor-element elementor-element-9b478b1 elementor-section-boxed elementor-section-height-default elementor-section-height-default\" data-id=\"9b478b1\" data-element_type=\"section\">\n\t\t\t\t\t\t<div class=\"elementor-container elementor-column-gap-default\">\n\t\t\t\t\t<div class=\"elementor-column elementor-col-50 elementor-top-column elementor-element elementor-element-0855428\" data-id=\"0855428\" data-element_type=\"column\">\n\t\t\t<div class=\"elementor-widget-wrap elementor-element-populated\">\n\t\t\t\t\t\t<div class=\"elementor-element elementor-element-a22ec00 elementor-widget elementor-widget-image\" data-id=\"a22ec00\" data-element_type=\"widget\" data-widget_type=\"image.default\">\n\t\t\t\t<div class=\"elementor-widget-container\">\n\t\t\t\t\t\t\t\t\t\t\t\t\t\t\t<img decoding=\"async\" width=\"800\" height=\"600\" src=\"https:\/\/bblogistics.fi\/wp-content\/uploads\/2023\/04\/DJI_0151-1024x768.jpg\" class=\"attachment-large size-large wp-image-2555\" alt=\"\" srcset=\"https:\/\/bblogistics.fi\/wp-content\/uploads\/2023\/04\/DJI_0151-1024x768.jpg 1024w, https:\/\/bblogistics.fi\/wp-content\/uploads\/2023\/04\/DJI_0151-300x225.jpg 300w, https:\/\/bblogistics.fi\/wp-content\/uploads\/2023\/04\/DJI_0151-768x576.jpg 768w, https:\/\/bblogistics.fi\/wp-content\/uploads\/2023\/04\/DJI_0151-1536x1152.jpg 1536w, https:\/\/bblogistics.fi\/wp-content\/uploads\/2023\/04\/DJI_0151.jpg 1984w\" sizes=\"(max-width: 800px) 100vw, 800px\" \/>\t\t\t\t\t\t\t\t\t\t\t\t\t\t\t<\/div>\n\t\t\t\t<\/div>\n\t\t\t\t\t<\/div>\n\t\t<\/div>\n\t\t\t\t<div class=\"elementor-column elementor-col-50 elementor-top-column elementor-element elementor-element-7af604e\" data-id=\"7af604e\" data-element_type=\"column\">\n\t\t\t<div class=\"elementor-widget-wrap elementor-element-populated\">\n\t\t\t\t\t\t<div class=\"elementor-element elementor-element-4235b3b elementor-widget elementor-widget-text-editor\" data-id=\"4235b3b\" data-element_type=\"widget\" data-widget_type=\"text-editor.default\">\n\t\t\t\t<div class=\"elementor-widget-container\">\n\t\t\t\t\t\t\t\t\t<div class=\"elementToProof\">P\u00e5 Lovisaterminalen har vi gott om f\u00f6rvaringsutrymmen under tak samt m\u00f6jlighet till utomhusf\u00f6rvaring.<\/div>\n<div class=\"elementToProof\">Hamnen kommer endast att betj\u00e4nas av ett t\u00e5gsp\u00e5r f\u00f6r enbart godstrafik direkt fr\u00e5n Lahtis l\u00e4ngs huvudlinjen.<\/div>\n<div class=\"elementToProof\">Det finns ocks\u00e5 en v\u00e5gservice i hamnomr\u00e5det.<\/div>\n<div class=\"elementToProof\">V\u00e5r terminal g\u00f6r det m\u00f6jligt att anv\u00e4nda alla transports\u00e4tt.<\/div>\n<div class=\"elementToProof\">V\u00e5r professionella och engagerade personal s\u00e4kerst\u00e4ller en s\u00e4ker, h\u00f6gkvalitativ och milj\u00f6v\u00e4nlig verksamhet.<\/div>\n<div> <\/div>\n<div class=\"elementToProof\">V\u00e5r tydliga styrka \u00e4r v\u00e5r f\u00f6rm\u00e5ga att snabbt reagera p\u00e5 f\u00f6r\u00e4ndringar, b\u00e5de f\u00f6r att hitta l\u00f6sningar och f\u00f6r att utveckla v\u00e5r nuvarande verksamhet tillsammans med v\u00e5ra kunder.<\/div>\n\t\t\t\t\t\t\t\t<\/div>\n\t\t\t\t<\/div>\n\t\t\t\t\t<\/div>\n\t\t<\/div>\n\t\t\t\t\t<\/div>\n\t\t<\/section>\n\t\t\t\t<section class=\"elementor-section elementor-top-section elementor-element elementor-element-5a47a3bd elementor-section-full_width elementor-reverse-mobile elementor-section-content-middle elementor-section-height-min-height elementor-section-items-top elementor-section-height-default\" data-id=\"5a47a3bd\" data-element_type=\"section\">\n\t\t\t\t\t\t<div class=\"elementor-container elementor-column-gap-no\">\n\t\t\t\t\t<div class=\"elementor-column elementor-col-50 elementor-top-column elementor-element elementor-element-4ef3d8d7\" data-id=\"4ef3d8d7\" data-element_type=\"column\" data-settings=\"{&quot;background_background&quot;:&quot;classic&quot;}\">\n\t\t\t<div class=\"elementor-widget-wrap elementor-element-populated\">\n\t\t\t\t\t\t<div class=\"elementor-element elementor-element-70a87957 elementor-widget elementor-widget-google_maps\" data-id=\"70a87957\" data-element_type=\"widget\" data-widget_type=\"google_maps.default\">\n\t\t\t\t<div class=\"elementor-widget-container\">\n\t\t\t\t\t\t\t<div class=\"elementor-custom-embed\">\n\t\t\t<iframe loading=\"lazy\"\n\t\t\t\t\tsrc=\"https:\/\/maps.google.com\/maps?q=Satamatalonkuja%201%2C%2007910%20Loviisa&#038;t=m&#038;z=13&#038;output=embed&#038;iwloc=near\"\n\t\t\t\t\ttitle=\"Satamatalonkuja 1, 07910 Loviisa\"\n\t\t\t\t\taria-label=\"Satamatalonkuja 1, 07910 Loviisa\"\n\t\t\t><\/iframe>\n\t\t<\/div>\n\t\t\t\t\t\t<\/div>\n\t\t\t\t<\/div>\n\t\t\t\t<div class=\"elementor-element elementor-element-73772f0 elementor-widget elementor-widget-spacer\" data-id=\"73772f0\" data-element_type=\"widget\" data-widget_type=\"spacer.default\">\n\t\t\t\t<div class=\"elementor-widget-container\">\n\t\t\t\t\t\t\t<div class=\"elementor-spacer\">\n\t\t\t<div class=\"elementor-spacer-inner\"><\/div>\n\t\t<\/div>\n\t\t\t\t\t\t<\/div>\n\t\t\t\t<\/div>\n\t\t\t\t\t<\/div>\n\t\t<\/div>\n\t\t\t\t<div class=\"elementor-column elementor-col-50 elementor-top-column elementor-element elementor-element-6c5d2c9e\" data-id=\"6c5d2c9e\" data-element_type=\"column\">\n\t\t\t<div class=\"elementor-widget-wrap elementor-element-populated\">\n\t\t\t\t\t\t<div class=\"elementor-element elementor-element-6333cd2 elementor-widget elementor-widget-spacer\" data-id=\"6333cd2\" data-element_type=\"widget\" data-widget_type=\"spacer.default\">\n\t\t\t\t<div class=\"elementor-widget-container\">\n\t\t\t\t\t\t\t<div class=\"elementor-spacer\">\n\t\t\t<div class=\"elementor-spacer-inner\"><\/div>\n\t\t<\/div>\n\t\t\t\t\t\t<\/div>\n\t\t\t\t<\/div>\n\t\t\t\t<div class=\"elementor-element elementor-element-428b2b34 elementor-widget elementor-widget-heading\" data-id=\"428b2b34\" data-element_type=\"widget\" data-widget_type=\"heading.default\">\n\t\t\t\t<div class=\"elementor-widget-container\">\n\t\t\t\t\t<h2 class=\"elementor-heading-title elementor-size-default\">Hur du hittar oss<\/h2>\t\t\t\t<\/div>\n\t\t\t\t<\/div>\n\t\t\t\t<div class=\"elementor-element elementor-element-e0a6f60 elementor-icon-list--layout-traditional elementor-list-item-link-full_width elementor-widget elementor-widget-icon-list\" data-id=\"e0a6f60\" data-element_type=\"widget\" data-widget_type=\"icon-list.default\">\n\t\t\t\t<div class=\"elementor-widget-container\">\n\t\t\t\t\t\t\t<ul class=\"elementor-icon-list-items\">\n\t\t\t\t\t\t\t<li class=\"elementor-icon-list-item\">\n\t\t\t\t\t\t\t\t\t\t<span class=\"elementor-icon-list-text\">BB Logistics Oy<\/span>\n\t\t\t\t\t\t\t\t\t<\/li>\n\t\t\t\t\t\t\t\t<li class=\"elementor-icon-list-item\">\n\t\t\t\t\t\t\t\t\t\t\t<span class=\"elementor-icon-list-icon\">\n\t\t\t\t\t\t\t<svg aria-hidden=\"true\" class=\"e-font-icon-svg e-fas-anchor\" viewBox=\"0 0 576 512\" xmlns=\"http:\/\/www.w3.org\/2000\/svg\"><path d=\"M12.971 352h32.394C67.172 454.735 181.944 512 288 512c106.229 0 220.853-57.38 242.635-160h32.394c10.691 0 16.045-12.926 8.485-20.485l-67.029-67.029c-4.686-4.686-12.284-4.686-16.971 0l-67.029 67.029c-7.56 7.56-2.206 20.485 8.485 20.485h35.146c-20.29 54.317-84.963 86.588-144.117 94.015V256h52c6.627 0 12-5.373 12-12v-40c0-6.627-5.373-12-12-12h-52v-5.47c37.281-13.178 63.995-48.725 64-90.518C384.005 43.772 341.605.738 289.37.01 235.723-.739 192 42.525 192 96c0 41.798 26.716 77.35 64 90.53V192h-52c-6.627 0-12 5.373-12 12v40c0 6.627 5.373 12 12 12h52v190.015c-58.936-7.399-123.82-39.679-144.117-94.015h35.146c10.691 0 16.045-12.926 8.485-20.485l-67.029-67.029c-4.686-4.686-12.284-4.686-16.971 0L4.485 331.515C-3.074 339.074 2.28 352 12.971 352zM288 64c17.645 0 32 14.355 32 32s-14.355 32-32 32-32-14.355-32-32 14.355-32 32-32z\"><\/path><\/svg>\t\t\t\t\t\t<\/span>\n\t\t\t\t\t\t\t\t\t\t<span class=\"elementor-icon-list-text\">Satamatalonkuja 1<\/span>\n\t\t\t\t\t\t\t\t\t<\/li>\n\t\t\t\t\t\t\t\t<li class=\"elementor-icon-list-item\">\n\t\t\t\t\t\t\t\t\t\t\t<span class=\"elementor-icon-list-icon\">\n\t\t\t\t\t\t\t<svg aria-hidden=\"true\" class=\"e-font-icon-svg e-fas-info\" viewBox=\"0 0 192 512\" xmlns=\"http:\/\/www.w3.org\/2000\/svg\"><path d=\"M20 424.229h20V279.771H20c-11.046 0-20-8.954-20-20V212c0-11.046 8.954-20 20-20h112c11.046 0 20 8.954 20 20v212.229h20c11.046 0 20 8.954 20 20V492c0 11.046-8.954 20-20 20H20c-11.046 0-20-8.954-20-20v-47.771c0-11.046 8.954-20 20-20zM96 0C56.235 0 24 32.235 24 72s32.235 72 72 72 72-32.235 72-72S135.764 0 96 0z\"><\/path><\/svg>\t\t\t\t\t\t<\/span>\n\t\t\t\t\t\t\t\t\t\t<span class=\"elementor-icon-list-text\">Heikki Hemminki +358401971698<\/span>\n\t\t\t\t\t\t\t\t\t<\/li>\n\t\t\t\t\t\t\t\t<li class=\"elementor-icon-list-item\">\n\t\t\t\t\t\t\t\t\t\t\t<span class=\"elementor-icon-list-icon\">\n\t\t\t\t\t\t\t<svg aria-hidden=\"true\" class=\"e-font-icon-svg e-fas-mail-bulk\" viewBox=\"0 0 576 512\" xmlns=\"http:\/\/www.w3.org\/2000\/svg\"><path d=\"M160 448c-25.6 0-51.2-22.4-64-32-64-44.8-83.2-60.8-96-70.4V480c0 17.67 14.33 32 32 32h256c17.67 0 32-14.33 32-32V345.6c-12.8 9.6-32 25.6-96 70.4-12.8 9.6-38.4 32-64 32zm128-192H32c-17.67 0-32 14.33-32 32v16c25.6 19.2 22.4 19.2 115.2 86.4 9.6 6.4 28.8 25.6 44.8 25.6s35.2-19.2 44.8-22.4c92.8-67.2 89.6-67.2 115.2-86.4V288c0-17.67-14.33-32-32-32zm256-96H224c-17.67 0-32 14.33-32 32v32h96c33.21 0 60.59 25.42 63.71 57.82l.29-.22V416h192c17.67 0 32-14.33 32-32V192c0-17.67-14.33-32-32-32zm-32 128h-64v-64h64v64zm-352-96c0-35.29 28.71-64 64-64h224V32c0-17.67-14.33-32-32-32H96C78.33 0 64 14.33 64 32v192h96v-32z\"><\/path><\/svg>\t\t\t\t\t\t<\/span>\n\t\t\t\t\t\t\t\t\t\t<span class=\"elementor-icon-list-text\">heikki.hemminki@bblogistics.fi<\/span>\n\t\t\t\t\t\t\t\t\t<\/li>\n\t\t\t\t\t\t\t\t<li class=\"elementor-icon-list-item\">\n\t\t\t\t\t\t\t\t\t\t\t<span class=\"elementor-icon-list-icon\">\n\t\t\t\t\t\t\t<svg aria-hidden=\"true\" class=\"e-font-icon-svg e-fas-phone-square-alt\" viewBox=\"0 0 448 512\" xmlns=\"http:\/\/www.w3.org\/2000\/svg\"><path d=\"M400 32H48A48 48 0 0 0 0 80v352a48 48 0 0 0 48 48h352a48 48 0 0 0 48-48V80a48 48 0 0 0-48-48zm-16.39 307.37l-15 65A15 15 0 0 1 354 416C194 416 64 286.29 64 126a15.7 15.7 0 0 1 11.63-14.61l65-15A18.23 18.23 0 0 1 144 96a16.27 16.27 0 0 1 13.79 9.09l30 70A17.9 17.9 0 0 1 189 181a17 17 0 0 1-5.5 11.61l-37.89 31a231.91 231.91 0 0 0 110.78 110.78l31-37.89A17 17 0 0 1 299 291a17.85 17.85 0 0 1 5.91 1.21l70 30A16.25 16.25 0 0 1 384 336a17.41 17.41 0 0 1-.39 3.37z\"><\/path><\/svg>\t\t\t\t\t\t<\/span>\n\t\t\t\t\t\t\t\t\t\t<span class=\"elementor-icon-list-text\">Terminal dejour +358408342365<\/span>\n\t\t\t\t\t\t\t\t\t<\/li>\n\t\t\t\t\t\t<\/ul>\n\t\t\t\t\t\t<\/div>\n\t\t\t\t<\/div>\n\t\t\t\t\t<\/div>\n\t\t<\/div>\n\t\t\t\t\t<\/div>\n\t\t<\/section>\n\t\t\t\t<section class=\"elementor-section elementor-top-section elementor-element elementor-element-cc4d10c elementor-section-boxed elementor-section-height-default elementor-section-height-default\" data-id=\"cc4d10c\" data-element_type=\"section\">\n\t\t\t\t\t\t<div class=\"elementor-container elementor-column-gap-default\">\n\t\t\t\t\t<div class=\"elementor-column elementor-col-50 elementor-top-column elementor-element elementor-element-a7ea760\" data-id=\"a7ea760\" data-element_type=\"column\">\n\t\t\t<div class=\"elementor-widget-wrap elementor-element-populated\">\n\t\t\t\t\t\t<div class=\"elementor-element elementor-element-13b7d10 elementor-widget elementor-widget-spacer\" data-id=\"13b7d10\" data-element_type=\"widget\" data-widget_type=\"spacer.default\">\n\t\t\t\t<div class=\"elementor-widget-container\">\n\t\t\t\t\t\t\t<div class=\"elementor-spacer\">\n\t\t\t<div class=\"elementor-spacer-inner\"><\/div>\n\t\t<\/div>\n\t\t\t\t\t\t<\/div>\n\t\t\t\t<\/div>\n\t\t\t\t<div class=\"elementor-element elementor-element-5a9e27f elementor-widget elementor-widget-text-editor\" data-id=\"5a9e27f\" data-element_type=\"widget\" data-widget_type=\"text-editor.default\">\n\t\t\t\t<div class=\"elementor-widget-container\">\n\t\t\t\t\t\t\t\t\t<p>T\u00e4ckt f\u00f6rvaringsutrymme 2400 m2<\/p>\n<p>Total l\u00e4ngd p\u00e5 kajen 698,5 m<\/p>\n<p>Djup p\u00e5 kajplats 7,3-9,5m<\/p>\n<p>Utomhuslagring av massaved 10 000 m2 <\/p>\n<p>1 lager f\u00f6r uthyrning<\/p>\n\t\t\t\t\t\t\t\t<\/div>\n\t\t\t\t<\/div>\n\t\t\t\t\t<\/div>\n\t\t<\/div>\n\t\t\t\t<div class=\"elementor-column elementor-col-50 elementor-top-column elementor-element elementor-element-e53d23c\" data-id=\"e53d23c\" data-element_type=\"column\">\n\t\t\t<div class=\"elementor-widget-wrap elementor-element-populated\">\n\t\t\t\t\t\t<div class=\"elementor-element elementor-element-5d83b64 elementor-widget__width-initial elementor-widget elementor-widget-image\" data-id=\"5d83b64\" data-element_type=\"widget\" data-widget_type=\"image.default\">\n\t\t\t\t<div class=\"elementor-widget-container\">\n\t\t\t\t\t\t\t\t\t\t\t\t\t\t\t<img decoding=\"async\" width=\"800\" height=\"935\" src=\"https:\/\/bblogistics.fi\/wp-content\/uploads\/2024\/12\/IMG_20230621_163524_edit_206383856315382-scaled-1-876x1024.jpg\" class=\"attachment-large size-large wp-image-2351\" alt=\"\" srcset=\"https:\/\/bblogistics.fi\/wp-content\/uploads\/2024\/12\/IMG_20230621_163524_edit_206383856315382-scaled-1-876x1024.jpg 876w, https:\/\/bblogistics.fi\/wp-content\/uploads\/2024\/12\/IMG_20230621_163524_edit_206383856315382-scaled-1-257x300.jpg 257w, https:\/\/bblogistics.fi\/wp-content\/uploads\/2024\/12\/IMG_20230621_163524_edit_206383856315382-scaled-1-768x897.jpg 768w, https:\/\/bblogistics.fi\/wp-content\/uploads\/2024\/12\/IMG_20230621_163524_edit_206383856315382-scaled-1-1315x1536.jpg 1315w, https:\/\/bblogistics.fi\/wp-content\/uploads\/2024\/12\/IMG_20230621_163524_edit_206383856315382-scaled-1-1753x2048.jpg 1753w\" sizes=\"(max-width: 800px) 100vw, 800px\" \/>\t\t\t\t\t\t\t\t\t\t\t\t\t\t\t<\/div>\n\t\t\t\t<\/div>\n\t\t\t\t\t<\/div>\n\t\t<\/div>\n\t\t\t\t\t<\/div>\n\t\t<\/section>\n\t\t\t\t<section class=\"elementor-section elementor-top-section elementor-element elementor-element-190a26e9 elementor-section-full_width elementor-section-content-middle elementor-reverse-tablet elementor-reverse-mobile elementor-section-height-default elementor-section-height-default\" data-id=\"190a26e9\" data-element_type=\"section\">\n\t\t\t\t\t\t<div class=\"elementor-container elementor-column-gap-no\">\n\t\t\t\t\t<div class=\"elementor-column elementor-col-25 elementor-top-column elementor-element elementor-element-5f7eebc7\" data-id=\"5f7eebc7\" data-element_type=\"column\">\n\t\t\t<div class=\"elementor-widget-wrap elementor-element-populated\">\n\t\t\t\t\t\t<div class=\"elementor-element elementor-element-28df6f5e elementor-widget elementor-widget-image\" data-id=\"28df6f5e\" data-element_type=\"widget\" data-widget_type=\"image.default\">\n\t\t\t\t<div class=\"elementor-widget-container\">\n\t\t\t\t\t\t\t\t\t\t\t\t\t\t\t<img decoding=\"async\" src=\"https:\/\/bblogistics.fi\/files\/2023\/04\/DJI_0143.jpg\" title=\"\" alt=\"\" loading=\"lazy\" \/>\t\t\t\t\t\t\t\t\t\t\t\t\t\t\t<\/div>\n\t\t\t\t<\/div>\n\t\t\t\t<div class=\"elementor-element elementor-element-b52d71e elementor-widget__width-initial elementor-widget elementor-widget-image\" data-id=\"b52d71e\" data-element_type=\"widget\" data-widget_type=\"image.default\">\n\t\t\t\t<div class=\"elementor-widget-container\">\n\t\t\t\t\t\t\t\t\t\t\t\t\t\t\t<img loading=\"lazy\" decoding=\"async\" width=\"524\" height=\"488\" src=\"https:\/\/bblogistics.fi\/wp-content\/uploads\/2022\/11\/logo.jpg\" class=\"attachment-large size-large wp-image-1677\" alt=\"\" srcset=\"https:\/\/bblogistics.fi\/wp-content\/uploads\/2022\/11\/logo.jpg 524w, https:\/\/bblogistics.fi\/wp-content\/uploads\/2022\/11\/logo-300x279.jpg 300w\" sizes=\"(max-width: 524px) 100vw, 524px\" \/>\t\t\t\t\t\t\t\t\t\t\t\t\t\t\t<\/div>\n\t\t\t\t<\/div>\n\t\t\t\t\t<\/div>\n\t\t<\/div>\n\t\t\t\t<div class=\"elementor-column elementor-col-25 elementor-top-column elementor-element elementor-element-bd87c23\" data-id=\"bd87c23\" data-element_type=\"column\">\n\t\t\t<div class=\"elementor-widget-wrap elementor-element-populated\">\n\t\t\t\t\t\t<div class=\"elementor-element elementor-element-58a7b4d elementor-widget elementor-widget-image\" data-id=\"58a7b4d\" data-element_type=\"widget\" data-widget_type=\"image.default\">\n\t\t\t\t<div class=\"elementor-widget-container\">\n\t\t\t\t\t\t\t\t\t\t\t\t\t\t\t<img loading=\"lazy\" decoding=\"async\" width=\"768\" height=\"1024\" src=\"https:\/\/bblogistics.fi\/wp-content\/uploads\/2024\/12\/IMG_20230621_165735-1-2-768x1024.jpg\" class=\"attachment-large size-large wp-image-3706\" alt=\"\" srcset=\"https:\/\/bblogistics.fi\/wp-content\/uploads\/2024\/12\/IMG_20230621_165735-1-2-768x1024.jpg 768w, https:\/\/bblogistics.fi\/wp-content\/uploads\/2024\/12\/IMG_20230621_165735-1-2-225x300.jpg 225w, https:\/\/bblogistics.fi\/wp-content\/uploads\/2024\/12\/IMG_20230621_165735-1-2-1152x1536.jpg 1152w, https:\/\/bblogistics.fi\/wp-content\/uploads\/2024\/12\/IMG_20230621_165735-1-2-1536x2048.jpg 1536w, https:\/\/bblogistics.fi\/wp-content\/uploads\/2024\/12\/IMG_20230621_165735-1-2-scaled.jpg 1920w\" sizes=\"(max-width: 768px) 100vw, 768px\" \/>\t\t\t\t\t\t\t\t\t\t\t\t\t\t\t<\/div>\n\t\t\t\t<\/div>\n\t\t\t\t<div class=\"elementor-element elementor-element-6a3a7c7 elementor-widget__width-initial elementor-widget elementor-widget-image\" data-id=\"6a3a7c7\" data-element_type=\"widget\" data-widget_type=\"image.default\">\n\t\t\t\t<div class=\"elementor-widget-container\">\n\t\t\t\t\t\t\t\t\t\t\t\t\t\t\t<img loading=\"lazy\" decoding=\"async\" width=\"800\" height=\"856\" src=\"https:\/\/bblogistics.fi\/wp-content\/uploads\/2024\/12\/IMG_20230621_211617-scaled-3-957x1024.jpg\" class=\"attachment-large size-large wp-image-3709\" alt=\"\" srcset=\"https:\/\/bblogistics.fi\/wp-content\/uploads\/2024\/12\/IMG_20230621_211617-scaled-3-957x1024.jpg 957w, https:\/\/bblogistics.fi\/wp-content\/uploads\/2024\/12\/IMG_20230621_211617-scaled-3-280x300.jpg 280w, https:\/\/bblogistics.fi\/wp-content\/uploads\/2024\/12\/IMG_20230621_211617-scaled-3-768x822.jpg 768w, https:\/\/bblogistics.fi\/wp-content\/uploads\/2024\/12\/IMG_20230621_211617-scaled-3-1435x1536.jpg 1435w, https:\/\/bblogistics.fi\/wp-content\/uploads\/2024\/12\/IMG_20230621_211617-scaled-3-1914x2048.jpg 1914w\" sizes=\"(max-width: 800px) 100vw, 800px\" \/>\t\t\t\t\t\t\t\t\t\t\t\t\t\t\t<\/div>\n\t\t\t\t<\/div>\n\t\t\t\t\t<\/div>\n\t\t<\/div>\n\t\t\t\t<div class=\"elementor-column elementor-col-50 elementor-top-column elementor-element elementor-element-1a9c0b41\" data-id=\"1a9c0b41\" data-element_type=\"column\">\n\t\t\t<div class=\"elementor-widget-wrap elementor-element-populated\">\n\t\t\t\t\t\t<div class=\"elementor-element elementor-element-108462f0 elementor-widget__width-initial elementor-widget elementor-widget-image\" data-id=\"108462f0\" data-element_type=\"widget\" data-widget_type=\"image.default\">\n\t\t\t\t<div class=\"elementor-widget-container\">\n\t\t\t\t\t\t\t\t\t\t\t\t\t\t\t<img loading=\"lazy\" decoding=\"async\" width=\"787\" height=\"1024\" src=\"https:\/\/bblogistics.fi\/wp-content\/uploads\/2024\/12\/IMG_20230621_205743-scaled-3-787x1024.jpg\" class=\"attachment-large size-large wp-image-3712\" alt=\"\" srcset=\"https:\/\/bblogistics.fi\/wp-content\/uploads\/2024\/12\/IMG_20230621_205743-scaled-3-787x1024.jpg 787w, https:\/\/bblogistics.fi\/wp-content\/uploads\/2024\/12\/IMG_20230621_205743-scaled-3-231x300.jpg 231w, https:\/\/bblogistics.fi\/wp-content\/uploads\/2024\/12\/IMG_20230621_205743-scaled-3-768x999.jpg 768w, https:\/\/bblogistics.fi\/wp-content\/uploads\/2024\/12\/IMG_20230621_205743-scaled-3-1181x1536.jpg 1181w, https:\/\/bblogistics.fi\/wp-content\/uploads\/2024\/12\/IMG_20230621_205743-scaled-3-1574x2048.jpg 1574w, https:\/\/bblogistics.fi\/wp-content\/uploads\/2024\/12\/IMG_20230621_205743-scaled-3.jpg 1968w\" sizes=\"(max-width: 787px) 100vw, 787px\" \/>\t\t\t\t\t\t\t\t\t\t\t\t\t\t\t<\/div>\n\t\t\t\t<\/div>\n\t\t\t\t<div class=\"elementor-element elementor-element-145b9a4 elementor-widget elementor-widget-image\" data-id=\"145b9a4\" data-element_type=\"widget\" data-widget_type=\"image.default\">\n\t\t\t\t<div class=\"elementor-widget-container\">\n\t\t\t\t\t\t\t\t\t\t\t\t\t\t\t<img loading=\"lazy\" decoding=\"async\" width=\"800\" height=\"600\" src=\"https:\/\/bblogistics.fi\/wp-content\/uploads\/2023\/04\/DJI_0141-2-1024x768.jpg\" class=\"attachment-large size-large wp-image-2564\" alt=\"\" srcset=\"https:\/\/bblogistics.fi\/wp-content\/uploads\/2023\/04\/DJI_0141-2-1024x768.jpg 1024w, https:\/\/bblogistics.fi\/wp-content\/uploads\/2023\/04\/DJI_0141-2-300x225.jpg 300w, https:\/\/bblogistics.fi\/wp-content\/uploads\/2023\/04\/DJI_0141-2-768x576.jpg 768w, https:\/\/bblogistics.fi\/wp-content\/uploads\/2023\/04\/DJI_0141-2-1536x1152.jpg 1536w, https:\/\/bblogistics.fi\/wp-content\/uploads\/2023\/04\/DJI_0141-2.jpg 1984w\" sizes=\"(max-width: 800px) 100vw, 800px\" \/>\t\t\t\t\t\t\t\t\t\t\t\t\t\t\t<\/div>\n\t\t\t\t<\/div>\n\t\t\t\t<div class=\"elementor-element elementor-element-2b2ef0a0 elementor-mobile-align-center elementor-widget elementor-widget-button\" data-id=\"2b2ef0a0\" data-element_type=\"widget\" data-widget_type=\"button.default\">\n\t\t\t\t<div class=\"elementor-widget-container\">\n\t\t\t\t\t\t\t\t\t<div class=\"elementor-button-wrapper\">\n\t\t\t\t\t<a class=\"elementor-button elementor-button-link elementor-size-sm\" href=\"#\" id=\"\/\/bblogistics.fi\/palvelumme\/\">\n\t\t\t\t\t\t<span class=\"elementor-button-content-wrapper\">\n\t\t\t\t\t\t\t\t\t<span class=\"elementor-button-text\">Hur kan vi st\u00e5 till tj\u00e4nst?<\/span>\n\t\t\t\t\t<\/span>\n\t\t\t\t\t<\/a>\n\t\t\t\t<\/div>\n\t\t\t\t\t\t\t\t<\/div>\n\t\t\t\t<\/div>\n\t\t\t\t\t<\/div>\n\t\t<\/div>\n\t\t\t\t\t<\/div>\n\t\t<\/section>\n\t\t\t\t<section class=\"elementor-section elementor-top-section elementor-element elementor-element-901a148 elementor-section-boxed elementor-section-height-default elementor-section-height-default\" data-id=\"901a148\" data-element_type=\"section\">\n\t\t\t\t\t\t<div class=\"elementor-container elementor-column-gap-default\">\n\t\t\t\t\t<div class=\"elementor-column elementor-col-100 elementor-top-column elementor-element elementor-element-af478b7\" data-id=\"af478b7\" data-element_type=\"column\">\n\t\t\t<div class=\"elementor-widget-wrap\">\n\t\t\t\t\t\t\t<\/div>\n\t\t<\/div>\n\t\t\t\t\t<\/div>\n\t\t<\/section>\n\t\t\t\t<\/div>\n\t\t","protected":false},"excerpt":{"rendered":"<p>P\u00e5 Lovisaterminalen har vi gott om f\u00f6rvaringsutrymmen under tak samt m\u00f6jlighet till utomhusf\u00f6rvaring. Hamnen kommer endast att betj\u00e4nas av ett t\u00e5gsp\u00e5r f\u00f6r enbart godstrafik direkt fr\u00e5n Lahtis l\u00e4ngs huvudlinjen. Det finns ocks\u00e5 en v\u00e5gservice i hamnomr\u00e5det. V\u00e5r terminal g\u00f6r det m\u00f6jligt att anv\u00e4nda alla transports\u00e4tt. V\u00e5r professionella och engagerade personal s\u00e4kerst\u00e4ller en s\u00e4ker, h\u00f6gkvalitativ och [&hellip;]<\/p>\n","protected":false},"author":4,"featured_media":0,"parent":0,"menu_order":0,"comment_status":"closed","ping_status":"closed","template":"","meta":{"footnotes":""},"class_list":["post-5081","page","type-page","status-publish","hentry"],"_links":{"self":[{"href":"https:\/\/bblogistics.fi\/sv\/wp-json\/wp\/v2\/pages\/5081","targetHints":{"allow":["GET"]}}],"collection":[{"href":"https:\/\/bblogistics.fi\/sv\/wp-json\/wp\/v2\/pages"}],"about":[{"href":"https:\/\/bblogistics.fi\/sv\/wp-json\/wp\/v2\/types\/page"}],"author":[{"embeddable":true,"href":"https:\/\/bblogistics.fi\/sv\/wp-json\/wp\/v2\/users\/4"}],"replies":[{"embeddable":true,"href":"https:\/\/bblogistics.fi\/sv\/wp-json\/wp\/v2\/comments?post=5081"}],"version-history":[{"count":3,"href":"https:\/\/bblogistics.fi\/sv\/wp-json\/wp\/v2\/pages\/5081\/revisions"}],"predecessor-version":[{"id":5216,"href":"https:\/\/bblogistics.fi\/sv\/wp-json\/wp\/v2\/pages\/5081\/revisions\/5216"}],"wp:attachment":[{"href":"https:\/\/bblogistics.fi\/sv\/wp-json\/wp\/v2\/media?parent=5081"}],"curies":[{"name":"wp","href":"https:\/\/api.w.org\/{rel}","templated":true}]}}