{"id":5130,"date":"2022-09-16T12:16:03","date_gmt":"2022-09-16T10:16:03","guid":{"rendered":"https:\/\/bblogistics.nyholmsolutions.fi\/hamina\/"},"modified":"2024-12-11T08:33:18","modified_gmt":"2024-12-11T06:33:18","slug":"hamina","status":"publish","type":"page","link":"https:\/\/bblogistics.fi\/sv\/hamina\/","title":{"rendered":"Hamina"},"content":{"rendered":"\t\t<div data-elementor-type=\"wp-page\" data-elementor-id=\"5130\" class=\"elementor elementor-5130 elementor-341\" data-elementor-post-type=\"page\">\n\t\t\t\t\t\t<section class=\"elementor-section elementor-top-section elementor-element elementor-element-edccef3 elementor-section-height-min-height elementor-section-items-stretch elementor-section-content-middle elementor-section-full_width elementor-section-height-default\" data-id=\"edccef3\" data-element_type=\"section\" data-settings=\"{&quot;background_background&quot;:&quot;classic&quot;}\">\n\t\t\t\t\t\t<div class=\"elementor-container elementor-column-gap-no\">\n\t\t\t\t\t<div class=\"elementor-column elementor-col-50 elementor-top-column elementor-element elementor-element-6046edbf\" data-id=\"6046edbf\" data-element_type=\"column\">\n\t\t\t<div class=\"elementor-widget-wrap elementor-element-populated\">\n\t\t\t\t\t\t<div class=\"elementor-element elementor-element-8d038a6 elementor-widget elementor-widget-text-editor\" data-id=\"8d038a6\" data-element_type=\"widget\" data-widget_type=\"text-editor.default\">\n\t\t\t\t<div class=\"elementor-widget-container\">\n\t\t\t\t\t\t\t\t\t<p>Hamina ligger i Hamina hamn med goda f\u00f6rbindelser till alla europeiska hamnar. Detta ger en utm\u00e4rkt och billig v\u00e4g f\u00f6r biomaterial och andra bulkprodukter fr\u00e5n \u00f6st till v\u00e4st. <\/p>\n<p>V\u00e5r terminal m\u00f6jligg\u00f6r anv\u00e4ndning av alla transportslag. Vi erbjuder en helt\u00e4ckande logistiktj\u00e4nst fr\u00e5n leverant\u00f6r till slutkund. <\/p>\n<p>Det finns lagringsutrymme f\u00f6r bulk- och styckegods. Ett t\u00e4ckt lager kan hantera j\u00e4rnv\u00e4gsvagnar, d\u00e4r 12 vagnar kan tas emot och lossas \u00e5t g\u00e5ngen. I lagret har vi ett lossningsskjul f\u00f6r lossning av beh\u00e5llarvagnar. Detta s\u00e4kerst\u00e4ller en effektiv drift f\u00f6r bulkprodukter.   <\/p>\n<p>Vi kan packa i mindre leveransenheter enligt kundens \u00f6nskem\u00e5l.<\/p>\n<p>Hamina har stor lagringskapacitet som kan anpassas efter kundens behov. Det finns totalt 40 000 m\u00b2 plan lagringsyta, f\u00f6r cirka 100 000 ton bulklagring. Lagringsanl\u00e4ggningarna ligger precis intill kajen, vilket s\u00e4kerst\u00e4ller effektiv och snabb drift.  <\/p>\n<p>V\u00e5r terminal har en v\u00e4gningstj\u00e4nst som g\u00f6r att du kan v\u00e4ga din fordonskombination under sk\u00e4rmtaket.<\/p>\n<p>V\u00e5r professionella och engagerade personal s\u00e4kerst\u00e4ller en s\u00e4ker, h\u00f6gkvalitativ och milj\u00f6v\u00e4nlig verksamhet.<\/p>\n<p>V\u00e5r tydliga styrka \u00e4r v\u00e5r f\u00f6rm\u00e5ga att snabbt reagera p\u00e5 f\u00f6r\u00e4ndringar, b\u00e5de f\u00f6r att hitta l\u00f6sningar och f\u00f6r att utveckla v\u00e5r nuvarande verksamhet tillsammans med v\u00e5ra kunder.<\/p>\n\t\t\t\t\t\t\t\t<\/div>\n\t\t\t\t<\/div>\n\t\t\t\t\t<\/div>\n\t\t<\/div>\n\t\t\t\t<div class=\"elementor-column elementor-col-50 elementor-top-column elementor-element elementor-element-1dcce1e8\" data-id=\"1dcce1e8\" data-element_type=\"column\">\n\t\t\t<div class=\"elementor-widget-wrap elementor-element-populated\">\n\t\t\t\t\t\t<div class=\"elementor-element elementor-element-35d9deb elementor-widget elementor-widget-image\" data-id=\"35d9deb\" data-element_type=\"widget\" data-widget_type=\"image.default\">\n\t\t\t\t<div class=\"elementor-widget-container\">\n\t\t\t\t\t\t\t\t\t\t\t\t\t\t\t<img fetchpriority=\"high\" decoding=\"async\" width=\"800\" height=\"600\" src=\"https:\/\/bblogistics.fi\/wp-content\/uploads\/2022\/09\/DJI_0069-1-1.jpg\" class=\"attachment-large size-large wp-image-796\" alt=\"\" srcset=\"https:\/\/bblogistics.fi\/wp-content\/uploads\/2022\/09\/DJI_0069-1-1.jpg 900w, https:\/\/bblogistics.fi\/wp-content\/uploads\/2022\/09\/DJI_0069-1-1-300x225.jpg 300w, https:\/\/bblogistics.fi\/wp-content\/uploads\/2022\/09\/DJI_0069-1-1-768x576.jpg 768w\" sizes=\"(max-width: 800px) 100vw, 800px\" \/>\t\t\t\t\t\t\t\t\t\t\t\t\t\t\t<\/div>\n\t\t\t\t<\/div>\n\t\t\t\t\t<\/div>\n\t\t<\/div>\n\t\t\t\t\t<\/div>\n\t\t<\/section>\n\t\t\t\t<section class=\"elementor-section elementor-top-section elementor-element elementor-element-e5ddf2c elementor-reverse-mobile elementor-section-content-middle elementor-section-boxed elementor-section-height-default elementor-section-height-default\" data-id=\"e5ddf2c\" data-element_type=\"section\">\n\t\t\t\t\t\t<div class=\"elementor-container elementor-column-gap-no\">\n\t\t\t\t\t<div class=\"elementor-column elementor-col-50 elementor-top-column elementor-element elementor-element-7323d849\" data-id=\"7323d849\" data-element_type=\"column\" data-settings=\"{&quot;background_background&quot;:&quot;classic&quot;}\">\n\t\t\t<div class=\"elementor-widget-wrap elementor-element-populated\">\n\t\t\t\t\t\t<div class=\"elementor-element elementor-element-2e2b8302 elementor-align-right elementor-icon-list--layout-traditional elementor-list-item-link-full_width elementor-widget elementor-widget-icon-list\" data-id=\"2e2b8302\" data-element_type=\"widget\" data-widget_type=\"icon-list.default\">\n\t\t\t\t<div class=\"elementor-widget-container\">\n\t\t\t\t\t\t\t<ul class=\"elementor-icon-list-items\">\n\t\t\t\t\t\t\t<li class=\"elementor-icon-list-item\">\n\t\t\t\t\t\t\t\t\t\t<span class=\"elementor-icon-list-text\">BB Logistics Oy<\/span>\n\t\t\t\t\t\t\t\t\t<\/li>\n\t\t\t\t\t\t\t\t<li class=\"elementor-icon-list-item\">\n\t\t\t\t\t\t\t\t\t\t\t<span class=\"elementor-icon-list-icon\">\n\t\t\t\t\t\t\t<svg aria-hidden=\"true\" class=\"e-font-icon-svg e-fas-anchor\" viewBox=\"0 0 576 512\" xmlns=\"http:\/\/www.w3.org\/2000\/svg\"><path d=\"M12.971 352h32.394C67.172 454.735 181.944 512 288 512c106.229 0 220.853-57.38 242.635-160h32.394c10.691 0 16.045-12.926 8.485-20.485l-67.029-67.029c-4.686-4.686-12.284-4.686-16.971 0l-67.029 67.029c-7.56 7.56-2.206 20.485 8.485 20.485h35.146c-20.29 54.317-84.963 86.588-144.117 94.015V256h52c6.627 0 12-5.373 12-12v-40c0-6.627-5.373-12-12-12h-52v-5.47c37.281-13.178 63.995-48.725 64-90.518C384.005 43.772 341.605.738 289.37.01 235.723-.739 192 42.525 192 96c0 41.798 26.716 77.35 64 90.53V192h-52c-6.627 0-12 5.373-12 12v40c0 6.627 5.373 12 12 12h52v190.015c-58.936-7.399-123.82-39.679-144.117-94.015h35.146c10.691 0 16.045-12.926 8.485-20.485l-67.029-67.029c-4.686-4.686-12.284-4.686-16.971 0L4.485 331.515C-3.074 339.074 2.28 352 12.971 352zM288 64c17.645 0 32 14.355 32 32s-14.355 32-32 32-32-14.355-32-32 14.355-32 32-32z\"><\/path><\/svg>\t\t\t\t\t\t<\/span>\n\t\t\t\t\t\t\t\t\t\t<span class=\"elementor-icon-list-text\">Gerhardinv\u00e4yl\u00e4 8B, 49460 Hamina<\/span>\n\t\t\t\t\t\t\t\t\t<\/li>\n\t\t\t\t\t\t\t\t<li class=\"elementor-icon-list-item\">\n\t\t\t\t\t\t\t\t\t\t\t<span class=\"elementor-icon-list-icon\">\n\t\t\t\t\t\t\t<svg aria-hidden=\"true\" class=\"e-font-icon-svg e-fas-info\" viewBox=\"0 0 192 512\" xmlns=\"http:\/\/www.w3.org\/2000\/svg\"><path d=\"M20 424.229h20V279.771H20c-11.046 0-20-8.954-20-20V212c0-11.046 8.954-20 20-20h112c11.046 0 20 8.954 20 20v212.229h20c11.046 0 20 8.954 20 20V492c0 11.046-8.954 20-20 20H20c-11.046 0-20-8.954-20-20v-47.771c0-11.046 8.954-20 20-20zM96 0C56.235 0 24 32.235 24 72s32.235 72 72 72 72-32.235 72-72S135.764 0 96 0z\"><\/path><\/svg>\t\t\t\t\t\t<\/span>\n\t\t\t\t\t\t\t\t\t\t<span class=\"elementor-icon-list-text\">Heikki Hemminki +358 401971698<\/span>\n\t\t\t\t\t\t\t\t\t<\/li>\n\t\t\t\t\t\t\t\t<li class=\"elementor-icon-list-item\">\n\t\t\t\t\t\t\t\t\t\t\t<span class=\"elementor-icon-list-icon\">\n\t\t\t\t\t\t\t<svg aria-hidden=\"true\" class=\"e-font-icon-svg e-fas-mail-bulk\" viewBox=\"0 0 576 512\" xmlns=\"http:\/\/www.w3.org\/2000\/svg\"><path d=\"M160 448c-25.6 0-51.2-22.4-64-32-64-44.8-83.2-60.8-96-70.4V480c0 17.67 14.33 32 32 32h256c17.67 0 32-14.33 32-32V345.6c-12.8 9.6-32 25.6-96 70.4-12.8 9.6-38.4 32-64 32zm128-192H32c-17.67 0-32 14.33-32 32v16c25.6 19.2 22.4 19.2 115.2 86.4 9.6 6.4 28.8 25.6 44.8 25.6s35.2-19.2 44.8-22.4c92.8-67.2 89.6-67.2 115.2-86.4V288c0-17.67-14.33-32-32-32zm256-96H224c-17.67 0-32 14.33-32 32v32h96c33.21 0 60.59 25.42 63.71 57.82l.29-.22V416h192c17.67 0 32-14.33 32-32V192c0-17.67-14.33-32-32-32zm-32 128h-64v-64h64v64zm-352-96c0-35.29 28.71-64 64-64h224V32c0-17.67-14.33-32-32-32H96C78.33 0 64 14.33 64 32v192h96v-32z\"><\/path><\/svg>\t\t\t\t\t\t<\/span>\n\t\t\t\t\t\t\t\t\t\t<span class=\"elementor-icon-list-text\">heikki.hemminki@bblogistics.fi<\/span>\n\t\t\t\t\t\t\t\t\t<\/li>\n\t\t\t\t\t\t\t\t<li class=\"elementor-icon-list-item\">\n\t\t\t\t\t\t\t\t\t\t\t<span class=\"elementor-icon-list-icon\">\n\t\t\t\t\t\t\t<svg aria-hidden=\"true\" class=\"e-font-icon-svg e-fas-phone-square-alt\" viewBox=\"0 0 448 512\" xmlns=\"http:\/\/www.w3.org\/2000\/svg\"><path d=\"M400 32H48A48 48 0 0 0 0 80v352a48 48 0 0 0 48 48h352a48 48 0 0 0 48-48V80a48 48 0 0 0-48-48zm-16.39 307.37l-15 65A15 15 0 0 1 354 416C194 416 64 286.29 64 126a15.7 15.7 0 0 1 11.63-14.61l65-15A18.23 18.23 0 0 1 144 96a16.27 16.27 0 0 1 13.79 9.09l30 70A17.9 17.9 0 0 1 189 181a17 17 0 0 1-5.5 11.61l-37.89 31a231.91 231.91 0 0 0 110.78 110.78l31-37.89A17 17 0 0 1 299 291a17.85 17.85 0 0 1 5.91 1.21l70 30A16.25 16.25 0 0 1 384 336a17.41 17.41 0 0 1-.39 3.37z\"><\/path><\/svg>\t\t\t\t\t\t<\/span>\n\t\t\t\t\t\t\t\t\t\t<span class=\"elementor-icon-list-text\">Terminal helpdesk +358 403557111<\/span>\n\t\t\t\t\t\t\t\t\t<\/li>\n\t\t\t\t\t\t<\/ul>\n\t\t\t\t\t\t<\/div>\n\t\t\t\t<\/div>\n\t\t\t\t\t<\/div>\n\t\t<\/div>\n\t\t\t\t<div class=\"elementor-column elementor-col-50 elementor-top-column elementor-element elementor-element-40bc306c\" data-id=\"40bc306c\" data-element_type=\"column\">\n\t\t\t<div class=\"elementor-widget-wrap elementor-element-populated\">\n\t\t\t\t\t\t<div class=\"elementor-element elementor-element-9c1228d elementor-widget elementor-widget-heading\" data-id=\"9c1228d\" data-element_type=\"widget\" data-widget_type=\"heading.default\">\n\t\t\t\t<div class=\"elementor-widget-container\">\n\t\t\t\t\t<h2 class=\"elementor-heading-title elementor-size-default\">Hur du hittar oss<\/h2>\t\t\t\t<\/div>\n\t\t\t\t<\/div>\n\t\t\t\t<div class=\"elementor-element elementor-element-61d6e6bc elementor-widget elementor-widget-google_maps\" data-id=\"61d6e6bc\" data-element_type=\"widget\" data-widget_type=\"google_maps.default\">\n\t\t\t\t<div class=\"elementor-widget-container\">\n\t\t\t\t\t\t\t<div class=\"elementor-custom-embed\">\n\t\t\t<iframe loading=\"lazy\"\n\t\t\t\t\tsrc=\"https:\/\/maps.google.com\/maps?q=Gerhardinv%C3%A4yl%C3%A4%208%20B%2C%2049460%20Hamina&#038;t=m&#038;z=12&#038;output=embed&#038;iwloc=near\"\n\t\t\t\t\ttitle=\"Gerhardinv\u00e4yl\u00e4 8 B, 49460 Hamina\"\n\t\t\t\t\taria-label=\"Gerhardinv\u00e4yl\u00e4 8 B, 49460 Hamina\"\n\t\t\t><\/iframe>\n\t\t<\/div>\n\t\t\t\t\t\t<\/div>\n\t\t\t\t<\/div>\n\t\t\t\t\t<\/div>\n\t\t<\/div>\n\t\t\t\t\t<\/div>\n\t\t<\/section>\n\t\t\t\t<section class=\"elementor-section elementor-top-section elementor-element elementor-element-aefafd0 elementor-section-boxed elementor-section-height-default elementor-section-height-default\" data-id=\"aefafd0\" data-element_type=\"section\">\n\t\t\t\t\t\t<div class=\"elementor-container elementor-column-gap-default\">\n\t\t\t\t\t<div class=\"elementor-column elementor-col-50 elementor-top-column elementor-element elementor-element-ac0c9b6\" data-id=\"ac0c9b6\" data-element_type=\"column\">\n\t\t\t<div class=\"elementor-widget-wrap elementor-element-populated\">\n\t\t\t\t\t\t<div class=\"elementor-element elementor-element-4c67ba0 elementor-widget__width-initial elementor-widget elementor-widget-image\" data-id=\"4c67ba0\" data-element_type=\"widget\" data-widget_type=\"image.default\">\n\t\t\t\t<div class=\"elementor-widget-container\">\n\t\t\t\t\t\t\t\t\t\t\t\t\t\t\t<img decoding=\"async\" width=\"792\" height=\"1024\" src=\"https:\/\/bblogistics.fi\/wp-content\/uploads\/2022\/11\/hemminki-792x1024.jpg\" class=\"attachment-large size-large wp-image-1726\" alt=\"\" srcset=\"https:\/\/bblogistics.fi\/wp-content\/uploads\/2022\/11\/hemminki-792x1024.jpg 792w, https:\/\/bblogistics.fi\/wp-content\/uploads\/2022\/11\/hemminki-232x300.jpg 232w, https:\/\/bblogistics.fi\/wp-content\/uploads\/2022\/11\/hemminki-768x992.jpg 768w, https:\/\/bblogistics.fi\/wp-content\/uploads\/2022\/11\/hemminki.jpg 1054w\" sizes=\"(max-width: 792px) 100vw, 792px\" \/>\t\t\t\t\t\t\t\t\t\t\t\t\t\t\t<\/div>\n\t\t\t\t<\/div>\n\t\t\t\t\t<\/div>\n\t\t<\/div>\n\t\t\t\t<div class=\"elementor-column elementor-col-50 elementor-top-column elementor-element elementor-element-7d7156e\" data-id=\"7d7156e\" data-element_type=\"column\">\n\t\t\t<div class=\"elementor-widget-wrap elementor-element-populated\">\n\t\t\t\t\t\t<div class=\"elementor-element elementor-element-b3e4bce elementor-widget elementor-widget-spacer\" data-id=\"b3e4bce\" data-element_type=\"widget\" data-widget_type=\"spacer.default\">\n\t\t\t\t<div class=\"elementor-widget-container\">\n\t\t\t\t\t\t\t<div class=\"elementor-spacer\">\n\t\t\t<div class=\"elementor-spacer-inner\"><\/div>\n\t\t<\/div>\n\t\t\t\t\t\t<\/div>\n\t\t\t\t<\/div>\n\t\t\t\t<div class=\"elementor-element elementor-element-5abed94 elementor-widget elementor-widget-text-editor\" data-id=\"5abed94\" data-element_type=\"widget\" data-widget_type=\"text-editor.default\">\n\t\t\t\t<div class=\"elementor-widget-container\">\n\t\t\t\t\t\t\t\t\t<p><b>Heikki Hemminki<\/b><\/p>\n<p><b>&#8220;Jag arbetar som terminalchef i Hamina. <\/b><\/p>\n<p><b>Mitt arbete handlar fr\u00e4mst om att planera och organisera operativa aktiviteter. Varje dag \u00e4r annorlunda. Dagarna g\u00e5r ut p\u00e5 att arbeta med kunder, planera resurser och f\u00f6rbereda f\u00f6r framtida projekt som t.ex. skeppning.  <\/b><\/p>\n<p><b>Vi har ett team p\u00e5 cirka trettio personer som arbetar i Hamina, men bemanningen varierar alltid beroende p\u00e5 arbetssituationen. &#8220;<\/b><\/p>\n\t\t\t\t\t\t\t\t<\/div>\n\t\t\t\t<\/div>\n\t\t\t\t\t<\/div>\n\t\t<\/div>\n\t\t\t\t\t<\/div>\n\t\t<\/section>\n\t\t\t\t<section class=\"elementor-section elementor-top-section elementor-element elementor-element-67af17c9 elementor-section-full_width elementor-section-content-middle elementor-reverse-tablet elementor-reverse-mobile elementor-section-height-default elementor-section-height-default\" data-id=\"67af17c9\" data-element_type=\"section\">\n\t\t\t\t\t\t<div class=\"elementor-container elementor-column-gap-no\">\n\t\t\t\t\t<div class=\"elementor-column elementor-col-25 elementor-top-column elementor-element elementor-element-67732c22\" data-id=\"67732c22\" data-element_type=\"column\">\n\t\t\t<div class=\"elementor-widget-wrap elementor-element-populated\">\n\t\t\t\t\t\t<div class=\"elementor-element elementor-element-11952840 elementor-widget elementor-widget-image\" data-id=\"11952840\" data-element_type=\"widget\" data-widget_type=\"image.default\">\n\t\t\t\t<div class=\"elementor-widget-container\">\n\t\t\t\t\t\t\t\t\t\t\t\t\t\t\t<img decoding=\"async\" width=\"768\" height=\"1024\" src=\"https:\/\/bblogistics.fi\/wp-content\/uploads\/2023\/02\/IMG_20220413_165336-768x1024.jpg\" class=\"attachment-large size-large wp-image-2026\" alt=\"\" srcset=\"https:\/\/bblogistics.fi\/wp-content\/uploads\/2023\/02\/IMG_20220413_165336-768x1024.jpg 768w, https:\/\/bblogistics.fi\/wp-content\/uploads\/2023\/02\/IMG_20220413_165336-225x300.jpg 225w, https:\/\/bblogistics.fi\/wp-content\/uploads\/2023\/02\/IMG_20220413_165336.jpg 1000w\" sizes=\"(max-width: 768px) 100vw, 768px\" \/>\t\t\t\t\t\t\t\t\t\t\t\t\t\t\t<\/div>\n\t\t\t\t<\/div>\n\t\t\t\t<div class=\"elementor-element elementor-element-cb8b4fc elementor-widget elementor-widget-image\" data-id=\"cb8b4fc\" data-element_type=\"widget\" data-widget_type=\"image.default\">\n\t\t\t\t<div class=\"elementor-widget-container\">\n\t\t\t\t\t\t\t\t\t\t\t\t\t\t\t<img loading=\"lazy\" decoding=\"async\" width=\"768\" height=\"1024\" src=\"https:\/\/bblogistics.fi\/wp-content\/uploads\/2023\/02\/StorageL2_picture2-768x1024.jpg\" class=\"attachment-large size-large wp-image-2030\" alt=\"\" srcset=\"https:\/\/bblogistics.fi\/wp-content\/uploads\/2023\/02\/StorageL2_picture2-768x1024.jpg 768w, https:\/\/bblogistics.fi\/wp-content\/uploads\/2023\/02\/StorageL2_picture2-225x300.jpg 225w, https:\/\/bblogistics.fi\/wp-content\/uploads\/2023\/02\/StorageL2_picture2.jpg 1000w\" sizes=\"(max-width: 768px) 100vw, 768px\" \/>\t\t\t\t\t\t\t\t\t\t\t\t\t\t\t<\/div>\n\t\t\t\t<\/div>\n\t\t\t\t\t<\/div>\n\t\t<\/div>\n\t\t\t\t<div class=\"elementor-column elementor-col-25 elementor-top-column elementor-element elementor-element-4fc954ef\" data-id=\"4fc954ef\" data-element_type=\"column\">\n\t\t\t<div class=\"elementor-widget-wrap elementor-element-populated\">\n\t\t\t\t\t\t<div class=\"elementor-element elementor-element-7c4d397 elementor-widget elementor-widget-image\" data-id=\"7c4d397\" data-element_type=\"widget\" data-widget_type=\"image.default\">\n\t\t\t\t<div class=\"elementor-widget-container\">\n\t\t\t\t\t\t\t\t\t\t\t\t\t\t\t<img loading=\"lazy\" decoding=\"async\" width=\"759\" height=\"1024\" src=\"https:\/\/bblogistics.fi\/wp-content\/uploads\/2023\/02\/IMG_20220413_171200-759x1024.jpg\" class=\"attachment-large size-large wp-image-2028\" alt=\"\" srcset=\"https:\/\/bblogistics.fi\/wp-content\/uploads\/2023\/02\/IMG_20220413_171200-759x1024.jpg 759w, https:\/\/bblogistics.fi\/wp-content\/uploads\/2023\/02\/IMG_20220413_171200-222x300.jpg 222w, https:\/\/bblogistics.fi\/wp-content\/uploads\/2023\/02\/IMG_20220413_171200-768x1037.jpg 768w, https:\/\/bblogistics.fi\/wp-content\/uploads\/2023\/02\/IMG_20220413_171200.jpg 1000w\" sizes=\"(max-width: 759px) 100vw, 759px\" \/>\t\t\t\t\t\t\t\t\t\t\t\t\t\t\t<\/div>\n\t\t\t\t<\/div>\n\t\t\t\t<div class=\"elementor-element elementor-element-4e364285 elementor-widget elementor-widget-image\" data-id=\"4e364285\" data-element_type=\"widget\" data-widget_type=\"image.default\">\n\t\t\t\t<div class=\"elementor-widget-container\">\n\t\t\t\t\t\t\t\t\t\t\t\t\t\t\t<img loading=\"lazy\" decoding=\"async\" width=\"300\" height=\"200\" src=\"https:\/\/bblogistics.fi\/wp-content\/uploads\/2023\/02\/IMG_20210816_165743-300x200.jpg\" class=\"attachment-medium size-medium wp-image-2032\" alt=\"\" srcset=\"https:\/\/bblogistics.fi\/wp-content\/uploads\/2023\/02\/IMG_20210816_165743-300x200.jpg 300w, https:\/\/bblogistics.fi\/wp-content\/uploads\/2023\/02\/IMG_20210816_165743-768x512.jpg 768w, https:\/\/bblogistics.fi\/wp-content\/uploads\/2023\/02\/IMG_20210816_165743.jpg 1000w\" sizes=\"(max-width: 300px) 100vw, 300px\" \/>\t\t\t\t\t\t\t\t\t\t\t\t\t\t\t<\/div>\n\t\t\t\t<\/div>\n\t\t\t\t\t<\/div>\n\t\t<\/div>\n\t\t\t\t<div class=\"elementor-column elementor-col-50 elementor-top-column elementor-element elementor-element-3ecab2ba\" data-id=\"3ecab2ba\" data-element_type=\"column\">\n\t\t\t<div class=\"elementor-widget-wrap elementor-element-populated\">\n\t\t\t\t\t\t<div class=\"elementor-element elementor-element-72d0c412 elementor-widget elementor-widget-text-editor\" data-id=\"72d0c412\" data-element_type=\"widget\" data-widget_type=\"text-editor.default\">\n\t\t\t\t<div class=\"elementor-widget-container\">\n\t\t\t\t\t\t\t\t\t<p>I Hamina har vi mycket p\u00e5 g\u00e5ng just nu. <\/p>\n\t\t\t\t\t\t\t\t<\/div>\n\t\t\t\t<\/div>\n\t\t\t\t<div class=\"elementor-element elementor-element-1d9bf023 elementor-mobile-align-center elementor-widget elementor-widget-button\" data-id=\"1d9bf023\" data-element_type=\"widget\" data-widget_type=\"button.default\">\n\t\t\t\t<div class=\"elementor-widget-container\">\n\t\t\t\t\t\t\t\t\t<div class=\"elementor-button-wrapper\">\n\t\t\t\t\t<a class=\"elementor-button elementor-button-link elementor-size-sm\" href=\"https:\/\/bblogistics.fi\/meilla-tyoskentely\/\">\n\t\t\t\t\t\t<span class=\"elementor-button-content-wrapper\">\n\t\t\t\t\t\t\t\t\t<span class=\"elementor-button-text\">Skulle du vara intresserad av att arbeta f\u00f6r oss?<\/span>\n\t\t\t\t\t<\/span>\n\t\t\t\t\t<\/a>\n\t\t\t\t<\/div>\n\t\t\t\t\t\t\t\t<\/div>\n\t\t\t\t<\/div>\n\t\t\t\t\t<\/div>\n\t\t<\/div>\n\t\t\t\t\t<\/div>\n\t\t<\/section>\n\t\t\t\t<\/div>\n\t\t","protected":false},"excerpt":{"rendered":"<p>Hamina ligger i Hamina hamn med goda f\u00f6rbindelser till alla europeiska hamnar. Detta ger en utm\u00e4rkt och billig v\u00e4g f\u00f6r biomaterial och andra bulkprodukter fr\u00e5n \u00f6st till v\u00e4st. V\u00e5r terminal m\u00f6jligg\u00f6r anv\u00e4ndning av alla transportslag. Vi erbjuder en helt\u00e4ckande logistiktj\u00e4nst fr\u00e5n leverant\u00f6r till slutkund. Det finns lagringsutrymme f\u00f6r bulk- och styckegods. Ett t\u00e4ckt lager kan [&hellip;]<\/p>\n","protected":false},"author":4,"featured_media":0,"parent":0,"menu_order":0,"comment_status":"closed","ping_status":"closed","template":"","meta":{"footnotes":""},"class_list":["post-5130","page","type-page","status-publish","hentry"],"_links":{"self":[{"href":"https:\/\/bblogistics.fi\/sv\/wp-json\/wp\/v2\/pages\/5130","targetHints":{"allow":["GET"]}}],"collection":[{"href":"https:\/\/bblogistics.fi\/sv\/wp-json\/wp\/v2\/pages"}],"about":[{"href":"https:\/\/bblogistics.fi\/sv\/wp-json\/wp\/v2\/types\/page"}],"author":[{"embeddable":true,"href":"https:\/\/bblogistics.fi\/sv\/wp-json\/wp\/v2\/users\/4"}],"replies":[{"embeddable":true,"href":"https:\/\/bblogistics.fi\/sv\/wp-json\/wp\/v2\/comments?post=5130"}],"version-history":[{"count":1,"href":"https:\/\/bblogistics.fi\/sv\/wp-json\/wp\/v2\/pages\/5130\/revisions"}],"predecessor-version":[{"id":5131,"href":"https:\/\/bblogistics.fi\/sv\/wp-json\/wp\/v2\/pages\/5130\/revisions\/5131"}],"wp:attachment":[{"href":"https:\/\/bblogistics.fi\/sv\/wp-json\/wp\/v2\/media?parent=5130"}],"curies":[{"name":"wp","href":"https:\/\/api.w.org\/{rel}","templated":true}]}}